{"id":823,"date":"2022-11-09T19:17:29","date_gmt":"2022-11-09T18:17:29","guid":{"rendered":"https:\/\/fiic.lat\/?page_id=823"},"modified":"2026-01-22T15:42:43","modified_gmt":"2026-01-22T14:42:43","slug":"estructura","status":"publish","type":"page","link":"https:\/\/fiic.lat\/en\/nosotros\/estructura\/","title":{"rendered":"Estructura"},"content":{"rendered":"<div class=\"wp-block-qubely-row alignfull qubely-section qubely-block-fc22b8\"><div class=\"qubely-row-overlay\"><\/div><div class=\"qubely-container\"><div class=\"qubely-row\">\n<div class=\"wp-block-qubely-column qubely-column qubely-column-front qubely-block-e81cd7\"><div class=\"qubely-column-inner\"><\/div><\/div>\n<\/div><\/div><\/div>\n\n\n\n<div class=\"wp-block-qubely-row alignfull qubely-section qubely-block-115946\"><div class=\"qubely-row-overlay\"><\/div><div class=\"qubely-container\"><div class=\"qubely-row\">\n<div class=\"wp-block-qubely-column qubely-column qubely-column-front qubely-block-943620\"><div class=\"qubely-column-inner\">\n<div class=\"wp-block-qubely-row qubely-section qubely-block-3bb420\"><div class=\"qubely-row-overlay\"><\/div><div class=\"qubely-container\"><div class=\"qubely-row\">\n<div class=\"wp-block-qubely-column qubely-column qubely-column-front qubely-block-fbfaf4\"><div class=\"qubely-column-inner\">\n<div class=\"wp-block-qubely-heading qubely-block-df7dbb\"><div class=\"qubely-block-heading  qubely-has-separator qubely-separator-position-bottom\"><div class=\"qubely-heading-container\"><h2 class=\"qubely-heading-selector\">Consejo Directivo<\/h2><div class=\"qubely-separator qubely-separator-after\"><span class=\"qubely-separator-type-css qubely-separator-solid\"><\/span><\/div><\/div><\/div><\/div>\n\n\n\n<div class=\"wp-block-qubely-text qubely-block-3d0927\"><div class=\"qubely-block-text\"><p>Se integra con dos representantes -titular y alterno- de cada una de las C\u00e1maras miembros, adem\u00e1s de su Presidente. Por derecho propio y por designaci\u00f3n directa, son ellos, en nombre de sus representantes, los que deciden el destino de la Federaci\u00f3n.<\/p><\/div><\/div>\n<\/div><\/div>\n\n\n\n<div class=\"wp-block-qubely-column qubely-column qubely-column-front qubely-block-6cc39f\"><div class=\"qubely-column-inner\">\n<div class=\"wp-block-qubely-heading qubely-block-8e9ebd\"><div class=\"qubely-block-heading  qubely-has-separator qubely-separator-position-bottom\"><div class=\"qubely-heading-container\"><h2 class=\"qubely-heading-selector\">Comit\u00e9 Ejecutivo<\/h2><div class=\"qubely-separator qubely-separator-after\"><span class=\"qubely-separator-type-css qubely-separator-solid\"><\/span><\/div><\/div><\/div><\/div>\n\n\n\n<div class=\"wp-block-qubely-text qubely-block-4542d8\"><div class=\"qubely-block-text\"><p>El Consejo elige dentro de sus miembros, por un per\u00edodo de 2 a\u00f1os, al Presidente y 2 Vicepresidentes, quienes, junto con el Secretario General, integran el Comit\u00e9 Ejecutivo.<\/p><\/div><\/div>\n\n\n\n<p>El Consejo Directivo se re\u00fane dos veces al a\u00f1o, aunque puede convocar a reuniones extraordinarias.<\/p>\n<\/div><\/div>\n<\/div><\/div><\/div>\n<\/div><\/div>\n<\/div><\/div><\/div>\n\n\n\n<div class=\"wp-block-qubely-row alignfull qubely-section qubely-block-b19ae8\"><div class=\"qubely-row-overlay\"><\/div><div class=\"qubely-container\"><div class=\"qubely-row\">\n<div class=\"wp-block-qubely-column qubely-column qubely-column-front qubely-block-177d88\"><div class=\"qubely-column-inner\">\n<div class=\"wp-block-qubely-row qubely-section qubely-block-dd625b\"><div class=\"qubely-row-overlay\"><\/div><div class=\"qubely-container\"><div class=\"qubely-row\">\n<div class=\"wp-block-qubely-column qubely-column qubely-column-front qubely-block-1f99e0\"><div class=\"qubely-column-inner\">\n<div class=\"wp-block-qubely-team qubely-block-ff2240\"><div class=\"qubely-block-team  qubely-team-layout-3\"><div class=\"qubely-team-image-wrapper\"><img decoding=\"async\" class=\"qubely-team-image\" src=\"https:\/\/fiic.lat\/wp-content\/uploads\/2025\/12\/Imagen-de-WhatsApp-2025-12-05-a-las-12.19.29_e3e77225-copia.jpg\" srcset=\"https:\/\/fiic.lat\/wp-content\/uploads\/2025\/12\/Imagen-de-WhatsApp-2025-12-05-a-las-12.19.29_e3e77225-copia.jpg 1x, https:\/\/fiic.lat\/wp-content\/uploads\/2025\/12\/Imagen-de-WhatsApp-2025-12-05-a-las-12.19.29_e3e77225-copia.jpg 2x\" alt=\"Ing. Eduardo Ram\u00edrez\"\/><\/div><div class=\"qubely-team-content\"><div class=\"qubely-team-content-inner\"><span class=\"qubely-team-name\">Ing. Eduardo Ram\u00edrez<\/span><div class=\"qubely-team-designation-container\"><span class=\"qubely-team-designation\">Presidente<\/span><\/div><\/div><\/div><\/div><\/div>\n<\/div><\/div>\n\n\n\n<div class=\"wp-block-qubely-column qubely-column qubely-column-front qubely-block-935c29\"><div class=\"qubely-column-inner\">\n<div class=\"wp-block-qubely-team qubely-block-4eff9c\"><div class=\"qubely-block-team  qubely-team-layout-3\"><div class=\"qubely-team-image-wrapper\"><img decoding=\"async\" class=\"qubely-team-image\" src=\"https:\/\/fiic.lat\/wp-content\/uploads\/2025\/12\/1667787659522.jpeg\" srcset=\"https:\/\/fiic.lat\/wp-content\/uploads\/2025\/12\/1667787659522.jpeg 1x, https:\/\/fiic.lat\/wp-content\/uploads\/2025\/12\/1667787659522.jpeg 2x\" alt=\"Ing. Carlos Trejos\"\/><\/div><div class=\"qubely-team-content\"><div class=\"qubely-team-content-inner\"><span class=\"qubely-team-name\">Ing. Carlos Trejos<\/span><div class=\"qubely-team-designation-container\"><span class=\"qubely-team-designation\">Vicepresidente<\/span><\/div><\/div><\/div><\/div><\/div>\n<\/div><\/div>\n\n\n\n<div class=\"wp-block-qubely-column qubely-column qubely-column-front qubely-block-573b10\"><div class=\"qubely-column-inner\"><\/div><\/div>\n<\/div><\/div><\/div>\n\n\n\n<div class=\"wp-block-qubely-row qubely-section qubely-block-2bdad4\"><div class=\"qubely-row-overlay\"><\/div><div class=\"qubely-container\"><div class=\"qubely-row\">\n<div class=\"wp-block-qubely-column qubely-column qubely-column-front qubely-block-ef0cc4\"><div class=\"qubely-column-inner\">\n<div class=\"wp-block-qubely-team qubely-block-7d3b94\"><div class=\"qubely-block-team  qubely-team-layout-3\"><div class=\"qubely-team-image-wrapper\"><img decoding=\"async\" class=\"qubely-team-image\" src=\"https:\/\/fiic.lat\/wp-content\/uploads\/2025\/12\/Imagen-de-WhatsApp-2025-12-05-a-las-11.51.26_32fbe917.jpg\" srcset=\"https:\/\/fiic.lat\/wp-content\/uploads\/2025\/12\/Imagen-de-WhatsApp-2025-12-05-a-las-11.51.26_32fbe917.jpg 1x, https:\/\/fiic.lat\/wp-content\/uploads\/2025\/12\/Imagen-de-WhatsApp-2025-12-05-a-las-11.51.26_32fbe917.jpg 2x\" alt=\"Ing. Murillo Allevato\"\/><\/div><div class=\"qubely-team-content\"><div class=\"qubely-team-content-inner\"><span class=\"qubely-team-name\">Ing. Murillo Allevato<\/span><div class=\"qubely-team-designation-container\"><span class=\"qubely-team-designation\">Vicepresidente<\/span><\/div><\/div><\/div><\/div><\/div>\n<\/div><\/div>\n\n\n\n<div class=\"wp-block-qubely-column qubely-column qubely-column-front qubely-block-eaae46\"><div class=\"qubely-column-inner\">\n<div class=\"wp-block-qubely-team qubely-block-8b1409\"><div class=\"qubely-block-team  qubely-team-layout-3\"><div class=\"qubely-team-image-wrapper\"><img decoding=\"async\" class=\"qubely-team-image\" src=\"https:\/\/fiic.lat\/wp-content\/uploads\/2025\/12\/images.jpeg\" srcset=\"https:\/\/fiic.lat\/wp-content\/uploads\/2025\/12\/images.jpeg 1x, https:\/\/fiic.lat\/wp-content\/uploads\/2025\/12\/images.jpeg 2x\" alt=\"Mtro. Luis M\u00e9ndez\"\/><\/div><div class=\"qubely-team-content\"><div class=\"qubely-team-content-inner\"><span class=\"qubely-team-name\">Mtro. Luis M\u00e9ndez<\/span><div class=\"qubely-team-designation-container\"><span class=\"qubely-team-designation\">Secretario General<\/span><\/div><\/div><\/div><\/div><\/div>\n<\/div><\/div>\n\n\n\n<div class=\"wp-block-qubely-column qubely-column qubely-column-front qubely-block-c221d5\"><div class=\"qubely-column-inner\">\n<div class=\"wp-block-qubely-team qubely-block-508f39\"><div class=\"qubely-block-team  qubely-team-layout-3\"><div class=\"qubely-team-image-wrapper\"><img decoding=\"async\" class=\"qubely-team-image\" src=\"https:\/\/fiic.lat\/wp-content\/uploads\/2023\/01\/Alberto.jpg\" srcset=\"\" alt=\"Ing. Alberto \u00c1vila\"\/><\/div><div class=\"qubely-team-content\"><div class=\"qubely-team-content-inner\"><span class=\"qubely-team-name\">Ing. Alberto \u00c1vila<\/span><div class=\"qubely-team-designation-container\"><span class=\"qubely-team-designation\">Secretario Ejecutivo<\/span><\/div><\/div><\/div><\/div><\/div>\n<\/div><\/div>\n<\/div><\/div><\/div>\n<\/div><\/div>\n<\/div><\/div><\/div>\n\n\n\n<div class=\"wp-block-columns is-layout-flex wp-container-2\">\n<div class=\"wp-block-column is-layout-flow\" style=\"flex-basis:100%\">\n<div class=\"wp-block-qubely-row alignfull qubely-section qubely-block-dde26a\"><div class=\"qubely-row-overlay\"><\/div><div class=\"qubely-container\"><div class=\"qubely-row\">\n<div class=\"wp-block-qubely-column qubely-column qubely-column-front qubely-block-8c1bc0\"><div class=\"qubely-column-inner\">\n<div class=\"wp-block-qubely-heading qubely-block-f7d0cf\"><div class=\"qubely-block-heading  qubely-has-separator qubely-separator-position-bottom\"><div class=\"qubely-heading-container\"><h2 class=\"qubely-heading-selector\">Nuestra historia<\/h2><div class=\"qubely-separator qubely-separator-after\"><span class=\"qubely-separator-type-css qubely-separator-solid\"><\/span><\/div><\/div><\/div><\/div>\n\n\n\n<div class=\"wp-block-qubely-row qubely-section qubely-block-931e00\"><div class=\"qubely-row-overlay\"><\/div><div class=\"qubely-container\"><div class=\"qubely-row\">\n<div class=\"wp-block-qubely-column qubely-column qubely-column-front qubely-block-15b015\"><div class=\"qubely-column-inner\">\n<div class=\"wp-block-qubely-heading qubely-block-730874\"><div class=\"qubely-block-heading\"><div class=\"qubely-heading-container\"><h3 class=\"qubely-heading-selector\">Historia de la Secretar\u00eda General FIIC<\/h3><\/div><\/div><\/div>\n\n\n\n<div class=\"wp-block-qubely-timeline qubely-block-e2e481\"><div class=\"qubely-block-timeline  qubely-timeline-layout-vertical qubely-timeline-orientation-left\"><div class=\"qubely-timeline-items\"><div class=\"qubely-timeline-item qubely-timeline-left\"><div class=\"qubely-timeline-connector\"><span class=\"qubely-timeline-connector-icon fas fa-calendar-check\"><\/span><\/div><div class=\"qubely-timeline-content\"><div class=\"qubely-timeline-description\"><h6 class=\"qubely-timeline-title\">1960 a 1966<\/h6><div class=\"qubely-timeline-description\">La sede de la FIIC es la de su Secretar\u00eda General. Al Constituirse la Federaci\u00f3n, la Secretar\u00eda General estuvo en M\u00e9xico de 1960 a 1966 a cargo del Ingeniero Gonzalo G\u00f4ut, quien despu\u00e9s fue Presidente de nuestra organizaci\u00f3n<\/div><\/div><span class=\"qubely-timeline-indicator\"><\/span><\/div><\/div><div class=\"qubely-timeline-item qubely-timeline-right\"><div class=\"qubely-timeline-connector\"><span class=\"qubely-timeline-connector-icon fas fa-calendar-check\"><\/span><\/div><div class=\"qubely-timeline-content\"><div class=\"qubely-timeline-description\"><h6 class=\"qubely-timeline-title\">1966 a 1972<\/h6><div class=\"qubely-timeline-description\">Residi\u00f3 en Santiago de Chile, a cargo de los ingenieros Alfredo Ovalle y Alberto St. Malo<\/div><\/div><span class=\"qubely-timeline-indicator\"><\/span><\/div><\/div><div class=\"qubely-timeline-item qubely-timeline-left\"><div class=\"qubely-timeline-connector\"><span class=\"qubely-timeline-connector-icon fas fa-calendar-check\"><\/span><\/div><div class=\"qubely-timeline-content\"><div class=\"qubely-timeline-description\"><h6 class=\"qubely-timeline-title\">1972 a 1981<\/h6><div class=\"qubely-timeline-description\">En Panam\u00e1 con el Ing. Ovidio D\u00edaz<\/div><\/div><span class=\"qubely-timeline-indicator\"><\/span><\/div><\/div><div class=\"qubely-timeline-item qubely-timeline-right\"><div class=\"qubely-timeline-connector\"><span class=\"qubely-timeline-connector-icon fas fa-calendar-check\"><\/span><\/div><div class=\"qubely-timeline-content\"><div class=\"qubely-timeline-description\"><h6 class=\"qubely-timeline-title\">1981 a 1984<\/h6><div class=\"qubely-timeline-description\">Se encuentra en la Ciudad de M\u00e9xico. Dirigi\u00e9ndola el Ing. Jos\u00e9 Luis Guerra<\/div><\/div><span class=\"qubely-timeline-indicator\"><\/span><\/div><\/div><div class=\"qubely-timeline-item qubely-timeline-left\"><div class=\"qubely-timeline-connector\"><span class=\"qubely-timeline-connector-icon fas fa-calendar-check\"><\/span><\/div><div class=\"qubely-timeline-content\"><div class=\"qubely-timeline-description\"><h6 class=\"qubely-timeline-title\">1984 a 1993<\/h6><div class=\"qubely-timeline-description\">Dirigida por el Ing. Miguel A. Salinas<\/div><\/div><span class=\"qubely-timeline-indicator\"><\/span><\/div><\/div><\/div><\/div><\/div>\n\n\n\n<div class=\"qubely-block-accordion  qubely-block-a66387\" data-item-toggle=\"true\">\n<div class=\"wp-block-qubely-accordion-item qubely-block-18c410\"><div class=\"qubely-accordion-item qubely-type-fill false\"><div class=\"qubely-accordion-panel qubely-icon-position-right\"><span class=\"qubely-accordion-panel-handler\" role=\"button\"><span class=\"qubely-accordion-panel-handler-label\">Leer m\u00e1s<br><\/span><span class=\"qubely-accordion-icon fa fa-plus\"><\/span><\/span><\/div><div class=\"qubely-accordion-body\"><div itemprop=\"text\">\n<div class=\"wp-block-qubely-timeline qubely-block-bfb244\"><div class=\"qubely-block-timeline  qubely-timeline-layout-vertical qubely-timeline-orientation-left\"><div class=\"qubely-timeline-items\"><div class=\"qubely-timeline-item qubely-timeline-left\"><div class=\"qubely-timeline-connector\"><span class=\"qubely-timeline-connector-icon fas fa-calendar-check\"><\/span><\/div><div class=\"qubely-timeline-content\"><div class=\"qubely-timeline-description\"><h6 class=\"qubely-timeline-title\">1993 a 1995<\/h6><div class=\"qubely-timeline-description\">Dirigida por el Ing. Eduardo Lobeira<\/div><\/div><span class=\"qubely-timeline-indicator\"><\/span><\/div><\/div><div class=\"qubely-timeline-item qubely-timeline-right\"><div class=\"qubely-timeline-connector\"><span class=\"qubely-timeline-connector-icon fas fa-calendar-check\"><\/span><\/div><div class=\"qubely-timeline-content\"><div class=\"qubely-timeline-description\"><h6 class=\"qubely-timeline-title\">1995 a 1997<\/h6><div class=\"qubely-timeline-description\">Dirigida por el Lic. Luis Hidalgo Monroy<\/div><\/div><span class=\"qubely-timeline-indicator\"><\/span><\/div><\/div><div class=\"qubely-timeline-item qubely-timeline-left\"><div class=\"qubely-timeline-connector\"><span class=\"qubely-timeline-connector-icon fas fa-calendar-check\"><\/span><\/div><div class=\"qubely-timeline-content\"><div class=\"qubely-timeline-description\"><h6 class=\"qubely-timeline-title\">1998 a 2005<\/h6><div class=\"qubely-timeline-description\">Dirigida por el Ing. Carlos C\u00e1rdenas<\/div><\/div><span class=\"qubely-timeline-indicator\"><\/span><\/div><\/div><div class=\"qubely-timeline-item qubely-timeline-right\"><div class=\"qubely-timeline-connector\"><span class=\"qubely-timeline-connector-icon fas fa-calendar-check\"><\/span><\/div><div class=\"qubely-timeline-content\"><div class=\"qubely-timeline-description\"><h6 class=\"qubely-timeline-title\">2005 a 2007<\/h6><div class=\"qubely-timeline-description\">Dirigida por el Ing. Pablo \u00c1lvarez Trevi\u00f1o<\/div><\/div><span class=\"qubely-timeline-indicator\"><\/span><\/div><\/div><div class=\"qubely-timeline-item qubely-timeline-left\"><div class=\"qubely-timeline-connector\"><span class=\"qubely-timeline-connector-icon fas fa-calendar-check\"><\/span><\/div><div class=\"qubely-timeline-content\"><div class=\"qubely-timeline-description\"><h6 class=\"qubely-timeline-title\">2007 a 2015<\/h6><div class=\"qubely-timeline-description\">Dirigida por el Ing. Ricardo Platt<\/div><\/div><span class=\"qubely-timeline-indicator\"><\/span><\/div><\/div><div class=\"qubely-timeline-item qubely-timeline-right\"><div class=\"qubely-timeline-connector\"><span class=\"qubely-timeline-connector-icon fas fa-calendar-check\"><\/span><\/div><div class=\"qubely-timeline-content\"><div class=\"qubely-timeline-description\"><h6 class=\"qubely-timeline-title\">2015 a 2017<\/h6><div class=\"qubely-timeline-description\">Dirigida por el Ing. Jorge Videgaray Verdad<\/div><\/div><span class=\"qubely-timeline-indicator\"><\/span><\/div><\/div><div class=\"qubely-timeline-item qubely-timeline-left\"><div class=\"qubely-timeline-connector\"><span class=\"qubely-timeline-connector-icon fas fa-calendar-check\"><\/span><\/div><div class=\"qubely-timeline-content\"><div class=\"qubely-timeline-description\"><h6 class=\"qubely-timeline-title\">2017 al 2021<\/h6><div class=\"qubely-timeline-description\">Dirigida por el Lic. Gustavo Arballo Luj\u00e1n<\/div><\/div><span class=\"qubely-timeline-indicator\"><\/span><\/div><\/div><div class=\"qubely-timeline-item qubely-timeline-right\"><div class=\"qubely-timeline-connector\"><span class=\"qubely-timeline-connector-icon fas fa-calendar-check\"><\/span><\/div><div class=\"qubely-timeline-content\"><div class=\"qubely-timeline-description\"><h6 class=\"qubely-timeline-title\">2021 al 2025<\/h6><div class=\"qubely-timeline-description\">Dirigida por el Ing. Eduardo Ram\u00edrez Leal<\/div><\/div><span class=\"qubely-timeline-indicator\"><\/span><\/div><\/div><\/div><\/div><\/div>\n<\/div><\/div><\/div><\/div>\n<\/div>\n<\/div><\/div>\n\n\n\n<div class=\"wp-block-qubely-column qubely-column qubely-column-front qubely-block-3c781d\"><div class=\"qubely-column-inner\">\n<div class=\"wp-block-qubely-heading qubely-block-8f966d\"><div class=\"qubely-block-heading\"><div class=\"qubely-heading-container\"><h3 class=\"qubely-heading-selector\">Consejo Consultivo<\/h3><\/div><\/div><\/div>\n\n\n\n<p>Ing. C\u00e9sar M. Polledo (+), (Argentina) 1959 -1961<br>Ing. Aroldo Lisboa Da Graca Gouto (+), (Brasil) 1961 -1963<br>Ing. Alfredo Rodr\u00edguez Amengual (+), (Venezuela) 1963 -1965<br>Ing. Gonzalo G\u00f4ut, (+) (M\u00e9xico) 1965 -1967<br>Ing. Oscar Garibaldi (+), (Per\u00fa) 1967 &#8211; 1969<br>Ing. Jorge Bartos (+), (Bolivia) 1969 -1971<br>Ing. Rafael Donoso (+), (Chile) 1971 &#8211; 1973<br>Ing. Nelson Murgueytio (+), (Ecuador) 1973 -1975<br>Ing. Oscar Restrepo D&#8217;Aleman (+), (Colombia) 1975- 1977<br>Ing. Bernardo Quintana Arrioja (+), (M\u00e9xico) 1977 &#8211; 1979<br>Ing. Alfredo Guinand Bald\u00f3, (Venezuela) 1979 &#8211; 1981<br>Ing.Germ\u00e1n Villar Eastman (+), (Uruguay) 1981 -1983<br>Ing. Julio Piccini Martin, (+) (Per\u00fa) 1983 &#8211; 1985<br>Ing. Antonio R. Lanusse (+), (Argentina) 1985 -1987&nbsp;<br>Ing. Livio Amato, (Brasil) 1987 -1989<br>Ing. Germ\u00e1n Molina Morel, (Chile) 1989 &#8211; 1991<br>Ing. Dominador K. Baz\u00e1n (+), (Panam\u00e1) 1991-1993<br>Ing. Miguel A. Salinas, (M\u00e9xico) 1993 &#8211; 1995<br>Ing. Roberto J. Servente (+), (Argentina) 1995-1997<br>Ing. Jos\u00e9 Ortiz Rivera (Per\u00fa) 1997 &#8211; 1999<br>Ing. Juan Jos\u00e9 Barrail (Paraguay) 1999-2001<br>Ing. M\u00e1ximo Honorato (Chile) 2001-2003<br>Ing. Jaime Molina Ulloa (Costa Rica) 2003-2005<br>Ing. Carlos C\u00e1rdenas, (M\u00e9xico) 2005-2007<br>Ing. Irwin Perret (Venezuela) 2007 -2009<br>Ing. Mart\u00edn Carriquiry (Uruguay) 2009-2011<br>Ing. Manuel Vallarino (Panam\u00e1) 2011-2013<br>Ing. Juan Ignacio Silva (Chile) 2013 -2015<br>Ing. Ricardo Platt (M\u00e9xico) 2015 &#8211; 2017<br>Ing. Gonzalo Delgado (Costa Rica) 2017-2019&nbsp;<\/p>\n\n\n\n<p>In. Sergio Torretti (Chile) 2019-2021<\/p>\n\n\n\n<p>Arq. Giuseppe Angelucci (El Salvador) 2021-2023<\/p>\n\n\n\n<p>Mtro. Iv\u00e1n Szczech (Argentina) 2023-2025<\/p>\n\n\n\n<h5 class=\"wp-block-heading\">Invitados al Consejo Consultivo<\/h5>\n\n\n\n<p>Arq. Marcelo H\u00e9ctor Roggio (+), (Argentina) *<br>Ing. Diego de Moya Cana\u00e1n (+), (Dominicana) **<br>Ing. Carlos Baquerizo (+), (Ecuador) ***<br>Ing. Alfredo Schmidt, (Chile) ****<\/p>\n<\/div><\/div>\n<\/div><\/div><\/div>\n<\/div><\/div>\n<\/div><\/div><\/div>\n<\/div>\n<\/div>","protected":false},"excerpt":{"rendered":"","protected":false},"author":1,"featured_media":0,"parent":44,"menu_order":0,"comment_status":"closed","ping_status":"closed","template":"","meta":{"qubely_global_settings":"","qubely_interactions":""},"blocksy_meta":{"styles_descriptor":{"styles":{"desktop":"","tablet":"","mobile":""},"google_fonts":[],"version":5}},"_links":{"self":[{"href":"https:\/\/fiic.lat\/en\/wp-json\/wp\/v2\/pages\/823"}],"collection":[{"href":"https:\/\/fiic.lat\/en\/wp-json\/wp\/v2\/pages"}],"about":[{"href":"https:\/\/fiic.lat\/en\/wp-json\/wp\/v2\/types\/page"}],"author":[{"embeddable":true,"href":"https:\/\/fiic.lat\/en\/wp-json\/wp\/v2\/users\/1"}],"replies":[{"embeddable":true,"href":"https:\/\/fiic.lat\/en\/wp-json\/wp\/v2\/comments?post=823"}],"version-history":[{"count":325,"href":"https:\/\/fiic.lat\/en\/wp-json\/wp\/v2\/pages\/823\/revisions"}],"predecessor-version":[{"id":4837,"href":"https:\/\/fiic.lat\/en\/wp-json\/wp\/v2\/pages\/823\/revisions\/4837"}],"up":[{"embeddable":true,"href":"https:\/\/fiic.lat\/en\/wp-json\/wp\/v2\/pages\/44"}],"wp:attachment":[{"href":"https:\/\/fiic.lat\/en\/wp-json\/wp\/v2\/media?parent=823"}],"curies":[{"name":"wp","href":"https:\/\/api.w.org\/{rel}","templated":true}]}}