{"id":3259,"date":"2023-04-21T18:32:26","date_gmt":"2023-04-21T16:32:26","guid":{"rendered":"https:\/\/fiic.lat\/?page_id=3259"},"modified":"2024-08-27T20:38:11","modified_gmt":"2024-08-27T18:38:11","slug":"declaraciones","status":"publish","type":"page","link":"https:\/\/fiic.lat\/en\/declaraciones\/","title":{"rendered":"Declaraciones"},"content":{"rendered":"<p class=\"has-text-align-center has-palette-color-1-background-color has-background has-large-font-size\"><strong>Declaraciones<\/strong> <\/p>\n\n\n\n<div class=\"qubely-block-accordion  qubely-block-26bfe2\" data-item-toggle=\"true\">\n<div class=\"wp-block-qubely-accordion-item qubely-block-55c5d2\"><div itemscope itemprop=\"mainEntity\" itemtype=\"https:\/\/schema.org\/Question\" class=\"qubely-accordion-item qubely-type-fill false\"><div class=\"qubely-accordion-panel qubely-icon-position-right\"><span class=\"qubely-accordion-panel-handler\" role=\"button\"><span itemprop=\"name\" class=\"qubely-accordion-panel-handler-label\">Posicionamiento de Vivienda 2022<\/span><span class=\"qubely-accordion-icon fa fa-plus\"><\/span><\/span><\/div><div itemscope itemprop=\"acceptedAnswer\" itemtype=\"https:\/\/schema.org\/Answer\" class=\"qubely-accordion-body\"><div itemprop=\"text\">\n<ul>\n<li>Posicionamiento de Vivienda 2022<\/li>\n<\/ul>\n\n\n\n<div class=\"wp-block-file\"><a id=\"wp-block-file--media-cb301134-1b3f-4c65-94c4-30e5256a13d4\" href=\"https:\/\/fiic.lat\/wp-content\/uploads\/2023\/04\/pronunicamiento-FIIC-Vivienda-def.pdf\">pronunicamiento-FIIC-Vivienda-def<\/a><a href=\"https:\/\/fiic.lat\/wp-content\/uploads\/2023\/04\/pronunicamiento-FIIC-Vivienda-def.pdf\" class=\"wp-block-file__button wp-element-button\" download aria-describedby=\"wp-block-file--media-cb301134-1b3f-4c65-94c4-30e5256a13d4\">Descarga<\/a><\/div>\n<\/div><\/div><\/div><\/div>\n\n\n\n<div class=\"wp-block-qubely-accordion-item qubely-block-ff2843\"><div itemscope itemprop=\"mainEntity\" itemtype=\"https:\/\/schema.org\/Question\" class=\"qubely-accordion-item qubely-type-fill false\"><div class=\"qubely-accordion-panel qubely-icon-position-right\"><span class=\"qubely-accordion-panel-handler\" role=\"button\"><span itemprop=\"name\" class=\"qubely-accordion-panel-handler-label\">Declaraci\u00f3n Construcci\u00f3n Sustentable 2022<\/span><span class=\"qubely-accordion-icon fa fa-plus\"><\/span><\/span><\/div><div itemscope itemprop=\"acceptedAnswer\" itemtype=\"https:\/\/schema.org\/Answer\" class=\"qubely-accordion-body\"><div itemprop=\"text\">\n<ul>\n<li>Declaraci\u00f3n Construcci\u00f3n Sustentable 2022<\/li>\n<\/ul>\n\n\n\n<div class=\"wp-block-file\"><a id=\"wp-block-file--media-d17fa22d-9076-41f1-93eb-1cd37487667d\" href=\"https:\/\/fiic.lat\/wp-content\/uploads\/2023\/04\/Declaracion-construccion-sustentable_def_8diciembre2022.pdf\">Declaracion-construccion-sustentable_def_8diciembre2022<\/a><a href=\"https:\/\/fiic.lat\/wp-content\/uploads\/2023\/04\/Declaracion-construccion-sustentable_def_8diciembre2022.pdf\" class=\"wp-block-file__button wp-element-button\" download aria-describedby=\"wp-block-file--media-d17fa22d-9076-41f1-93eb-1cd37487667d\">Descarga<\/a><\/div>\n<\/div><\/div><\/div><\/div>\n\n\n\n<div class=\"wp-block-qubely-accordion-item qubely-block-bca9ad\"><div itemscope itemprop=\"mainEntity\" itemtype=\"https:\/\/schema.org\/Question\" class=\"qubely-accordion-item qubely-type-fill false\"><div class=\"qubely-accordion-panel qubely-icon-position-right\"><span class=\"qubely-accordion-panel-handler\" role=\"button\"><span itemprop=\"name\" class=\"qubely-accordion-panel-handler-label\">Declaraci\u00f3n de Infraestructura 2022<\/span><span class=\"qubely-accordion-icon fa fa-plus\"><\/span><\/span><\/div><div itemscope itemprop=\"acceptedAnswer\" itemtype=\"https:\/\/schema.org\/Answer\" class=\"qubely-accordion-body\"><div itemprop=\"text\">\n<ul>\n<li>Declaraci\u00f3n de Infraestructura<\/li>\n<\/ul>\n\n\n\n<div class=\"wp-block-file\"><a id=\"wp-block-file--media-318ea9bb-f2d1-45db-98a3-662456c5b24a\" href=\"https:\/\/fiic.lat\/wp-content\/uploads\/2023\/04\/Declaracion-FIIC-infraestructura-definitiva_link.pdf\">Declaracion-FIIC-infraestructura-definitiva_link<\/a><a href=\"https:\/\/fiic.lat\/wp-content\/uploads\/2023\/04\/Declaracion-FIIC-infraestructura-definitiva_link.pdf\" class=\"wp-block-file__button wp-element-button\" download aria-describedby=\"wp-block-file--media-318ea9bb-f2d1-45db-98a3-662456c5b24a\">Descarga<\/a><\/div>\n<\/div><\/div><\/div><\/div>\n\n\n\n<div class=\"wp-block-qubely-accordion-item qubely-block-1b147d\"><div itemscope itemprop=\"mainEntity\" itemtype=\"https:\/\/schema.org\/Question\" class=\"qubely-accordion-item qubely-type-fill false\"><div class=\"qubely-accordion-panel qubely-icon-position-right\"><span class=\"qubely-accordion-panel-handler\" role=\"button\"><span itemprop=\"name\" class=\"qubely-accordion-panel-handler-label\">Declaraci\u00f3n De Santiago 2019<\/span><span class=\"qubely-accordion-icon fa fa-plus\"><\/span><\/span><\/div><div itemscope itemprop=\"acceptedAnswer\" itemtype=\"https:\/\/schema.org\/Answer\" class=\"qubely-accordion-body\"><div itemprop=\"text\">\n<ul>\n<li><a href=\"https:\/\/www.fiic.la\/Documentos\/DECLARACIONES\/Declaracion%20Santiago%20oct.2019.pdf\" target=\"_blank\" rel=\"noreferrer noopener\">Declaraci\u00f3n de Santiago 2019<\/a><\/li>\n<\/ul>\n<\/div><\/div><\/div><\/div>\n\n\n\n<div class=\"wp-block-qubely-accordion-item qubely-block-68932e\"><div itemscope itemprop=\"mainEntity\" itemtype=\"https:\/\/schema.org\/Question\" class=\"qubely-accordion-item qubely-type-fill false\"><div class=\"qubely-accordion-panel qubely-icon-position-right\"><span class=\"qubely-accordion-panel-handler\" role=\"button\"><span itemprop=\"name\" class=\"qubely-accordion-panel-handler-label\">Declaraci\u00f3n Sobre Venezuela 2016<\/span><span class=\"qubely-accordion-icon fa fa-plus\"><\/span><\/span><\/div><div itemscope itemprop=\"acceptedAnswer\" itemtype=\"https:\/\/schema.org\/Answer\" class=\"qubely-accordion-body\"><div itemprop=\"text\">\n<ul>\n<li><a href=\"https:\/\/www.fiic.la\/Documentos\/DECLARACIONES\/Declaracion_sobre%20Venezuela.pdf\" target=\"_blank\" rel=\"noreferrer noopener\">Declaraci\u00f3n Sobre Venezuela 2016<\/a><\/li>\n<\/ul>\n<\/div><\/div><\/div><\/div>\n\n\n\n<div class=\"wp-block-qubely-accordion-item qubely-block-cd1480\"><div itemscope itemprop=\"mainEntity\" itemtype=\"https:\/\/schema.org\/Question\" class=\"qubely-accordion-item qubely-type-fill false\"><div class=\"qubely-accordion-panel qubely-icon-position-right\"><span class=\"qubely-accordion-panel-handler\" role=\"button\"><span itemprop=\"name\" class=\"qubely-accordion-panel-handler-label\">Declaraci\u00f3n M\u00e9xico Ratificaci\u00f3n Sobre Las Empresas Extranjeras En La Construcci\u00f3n En Los Pa\u00edses Regi\u00f3n FIIC 2015<\/span><span class=\"qubely-accordion-icon fa fa-plus\"><\/span><\/span><\/div><div itemscope itemprop=\"acceptedAnswer\" itemtype=\"https:\/\/schema.org\/Answer\" class=\"qubely-accordion-body\"><div itemprop=\"text\">\n<ul>\n<li><a href=\"https:\/\/www.fiic.la\/Documentos\/DECLARACIONES\/Declaracion_inver_extr_%20paises_FIIC_ratificV2%20Mexico%202015%20Def.pdf\" target=\"_blank\" rel=\"noreferrer noopener\">Declaraci\u00f3n M\u00e9xico Ratificaci\u00f3n Sobre las Empresas Extranjeras en la Construcci\u00f3n en los pa\u00edses de la regi\u00f3n FIIC 20015<\/a><\/li>\n<\/ul>\n<\/div><\/div><\/div><\/div>\n\n\n\n<div class=\"wp-block-qubely-accordion-item qubely-block-0b6500\"><div itemscope itemprop=\"mainEntity\" itemtype=\"https:\/\/schema.org\/Question\" class=\"qubely-accordion-item qubely-type-fill false\"><div class=\"qubely-accordion-panel qubely-icon-position-right\"><span class=\"qubely-accordion-panel-handler\" role=\"button\"><span itemprop=\"name\" class=\"qubely-accordion-panel-handler-label\">Declaraci\u00f3n Argentina &#8211; Sobre Las Empresas Extranjeras En La Construcci\u00f3n En Los Pa\u00edses Regi\u00f3n FIIC 2014<\/span><span class=\"qubely-accordion-icon fa fa-plus\"><\/span><\/span><\/div><div itemscope itemprop=\"acceptedAnswer\" itemtype=\"https:\/\/schema.org\/Answer\" class=\"qubely-accordion-body\"><div itemprop=\"text\">\n<ul>\n<li><a href=\"https:\/\/www.fiic.la\/Documentos\/LXX%20CONSEJO%20DIRECTIVO%20ARGENTINA\/Declaracion_inversion_extranjera_%20paises_region_%20FIIC_ratificacionV2.pdf\" target=\"_blank\" rel=\"noreferrer noopener\">Declaraci\u00f3n Sobre las Empresas Extranjeras en la Construcci\u00f3n en los pa\u00edses de la regi\u00f3n FIIC<\/a><\/li>\n<\/ul>\n<\/div><\/div><\/div><\/div>\n\n\n\n<div class=\"wp-block-qubely-accordion-item qubely-block-d24c31\"><div itemscope itemprop=\"mainEntity\" itemtype=\"https:\/\/schema.org\/Question\" class=\"qubely-accordion-item qubely-type-fill false\"><div class=\"qubely-accordion-panel qubely-icon-position-right\"><span class=\"qubely-accordion-panel-handler\" role=\"button\"><span itemprop=\"name\" class=\"qubely-accordion-panel-handler-label\">Declaraci\u00f3n Lima &#8211; Inversi\u00f3n Extranjera Pa\u00edses Regi\u00f3n FIIC 2012<\/span><span class=\"qubely-accordion-icon fa fa-plus\"><\/span><\/span><\/div><div itemscope itemprop=\"acceptedAnswer\" itemtype=\"https:\/\/schema.org\/Answer\" class=\"qubely-accordion-body\"><div itemprop=\"text\">\n<div class=\"wp-block-file\"><a id=\"wp-block-file--media-10721eb2-00dc-4ccd-8a9c-31073538dc38\" href=\"https:\/\/fiic.lat\/wp-content\/uploads\/2024\/08\/Declaracion_Lima_inversion_extranjera_-paises_region_-FIIC.pdf\">Declaracion_Lima_inversion_extranjera_-paises_region_-FIIC<\/a><\/div>\n<\/div><\/div><\/div><\/div>\n\n\n\n<div class=\"wp-block-qubely-accordion-item qubely-block-0a94de\"><div itemscope itemprop=\"mainEntity\" itemtype=\"https:\/\/schema.org\/Question\" class=\"qubely-accordion-item qubely-type-fill false\"><div class=\"qubely-accordion-panel qubely-icon-position-right\"><span class=\"qubely-accordion-panel-handler\" role=\"button\"><span itemprop=\"name\" class=\"qubely-accordion-panel-handler-label\">Declaraci\u00f3n De Principios Sobre Infraestructura<\/span><span class=\"qubely-accordion-icon fa fa-plus\"><\/span><\/span><\/div><div itemscope itemprop=\"acceptedAnswer\" itemtype=\"https:\/\/schema.org\/Answer\" class=\"qubely-accordion-body\"><div itemprop=\"text\">\n<ul>\n<li><a href=\"https:\/\/www.fiic.la\/documentos\/Doctrina%20FIIC%20Infraestructura%20v5%20final.pdf\" target=\"_blank\" rel=\"noopener\">Declaraci\u00f3n de Principios sobre Infraestructura<\/a><\/li>\n<\/ul>\n<\/div><\/div><\/div><\/div>\n\n\n\n<div class=\"wp-block-qubely-accordion-item qubely-block-602c21\"><div itemscope itemprop=\"mainEntity\" itemtype=\"https:\/\/schema.org\/Question\" class=\"qubely-accordion-item qubely-type-fill false\"><div class=\"qubely-accordion-panel qubely-icon-position-right\"><span class=\"qubely-accordion-panel-handler\" role=\"button\"><span itemprop=\"name\" class=\"qubely-accordion-panel-handler-label\">Declaraciones De San Jos\u00e9 Costa Rica, Noviembre 2010<\/span><span class=\"qubely-accordion-icon fa fa-plus\"><\/span><\/span><\/div><div itemscope itemprop=\"acceptedAnswer\" itemtype=\"https:\/\/schema.org\/Answer\" class=\"qubely-accordion-body\"><div itemprop=\"text\">\n<ul>\n<li><a href=\"https:\/\/www.fiic.la\/documentos\/Declaraciones_5_nov_2010_COSTA_RICA.pdf\" target=\"_blank\" rel=\"noopener\">Declaraciones San Jos\u00e9 Costa Rica, Noviembre 2010<\/a><\/li>\n<\/ul>\n<\/div><\/div><\/div><\/div>\n\n\n\n<div class=\"wp-block-qubely-accordion-item qubely-block-2e99ac\"><div itemscope itemprop=\"mainEntity\" itemtype=\"https:\/\/schema.org\/Question\" class=\"qubely-accordion-item qubely-type-fill false\"><div class=\"qubely-accordion-panel qubely-icon-position-right\"><span class=\"qubely-accordion-panel-handler\" role=\"button\"><span itemprop=\"name\" class=\"qubely-accordion-panel-handler-label\">Declaraci\u00f3n De Cochabamba &#8211; Bolivia, Abril 2008<\/span><span class=\"qubely-accordion-icon fa fa-plus\"><\/span><\/span><\/div><div itemscope itemprop=\"acceptedAnswer\" itemtype=\"https:\/\/schema.org\/Answer\" class=\"qubely-accordion-body\"><div itemprop=\"text\">\n<ul>\n<li><a href=\"https:\/\/www.fiic.la\/documentos\/declaracion%20fiic%20de%20cochabamba%20general.pdf\" target=\"_blank\" rel=\"noopener\">Declaraci\u00f3n De Cochabamba &#8211; Bolivia, Abril 2008<\/a><\/li>\n<\/ul>\n<\/div><\/div><\/div><\/div>\n\n\n\n<div class=\"wp-block-qubely-accordion-item qubely-block-cf666f\"><div itemscope itemprop=\"mainEntity\" itemtype=\"https:\/\/schema.org\/Question\" class=\"qubely-accordion-item qubely-type-fill false\"><div class=\"qubely-accordion-panel qubely-icon-position-right\"><span class=\"qubely-accordion-panel-handler\" role=\"button\"><span itemprop=\"name\" class=\"qubely-accordion-panel-handler-label\">Declaraci\u00f3n De Cochabamba &#8211; Espec\u00edfica Bolivia, Abril 2008<\/span><span class=\"qubely-accordion-icon fa fa-plus\"><\/span><\/span><\/div><div itemscope itemprop=\"acceptedAnswer\" itemtype=\"https:\/\/schema.org\/Answer\" class=\"qubely-accordion-body\"><div itemprop=\"text\">\n<ul>\n<li><a href=\"https:\/\/www.fiic.la\/documentos\/declaracion%20fiic%20de%20cochabamba%20especifica%20Bolivia.pdf\" target=\"_blank\" rel=\"noopener\">Declaraci\u00f3n De Cochabamba &#8211; Espec\u00edfica Bolivia, Abril 2008 <\/a><\/li>\n<\/ul>\n<\/div><\/div><\/div><\/div>\n\n\n\n<div class=\"wp-block-qubely-accordion-item qubely-block-d3b503\"><div itemscope itemprop=\"mainEntity\" itemtype=\"https:\/\/schema.org\/Question\" class=\"qubely-accordion-item qubely-type-fill false\"><div class=\"qubely-accordion-panel qubely-icon-position-right\"><span class=\"qubely-accordion-panel-handler\" role=\"button\"><span itemprop=\"name\" class=\"qubely-accordion-panel-handler-label\">Declaraci\u00f3n De Cochabamba &#8211; Espec\u00edfica Ecuador, Abril 2008<\/span><span class=\"qubely-accordion-icon fa fa-plus\"><\/span><\/span><\/div><div itemscope itemprop=\"acceptedAnswer\" itemtype=\"https:\/\/schema.org\/Answer\" class=\"qubely-accordion-body\"><div itemprop=\"text\">\n<ul>\n<li><a href=\"https:\/\/www.fiic.la\/documentos\/declaracion%20fiic%20de%20cochabamba%20especifica%20para%20ecuador1.pdf\" target=\"_blank\" rel=\"noopener\">Declaraci\u00f3n De Cochabamba &#8211; Espec\u00edfica Ecuador, Abril 2008 <\/a><\/li>\n<\/ul>\n<\/div><\/div><\/div><\/div>\n\n\n\n<div class=\"wp-block-qubely-accordion-item qubely-block-189849\"><div itemscope itemprop=\"mainEntity\" itemtype=\"https:\/\/schema.org\/Question\" class=\"qubely-accordion-item qubely-type-fill false\"><div class=\"qubely-accordion-panel qubely-icon-position-right\"><span class=\"qubely-accordion-panel-handler\" role=\"button\"><span itemprop=\"name\" class=\"qubely-accordion-panel-handler-label\">Declaraci\u00f3n Conjunta En Materia De Infraestructura, Noviembre 2006<\/span><span class=\"qubely-accordion-icon fa fa-plus\"><\/span><\/span><\/div><div itemscope itemprop=\"acceptedAnswer\" itemtype=\"https:\/\/schema.org\/Answer\" class=\"qubely-accordion-body\"><div itemprop=\"text\">\n<ul>\n<li><a href=\"https:\/\/www.fiic.la\/documentos\/DECLARACION%20FIIC%20infraestructura-5.ppt\" target=\"_blank\" rel=\"noopener\">Declaraci\u00f3n Conjunta en Materia de Infraestructura<\/a> <\/li>\n<\/ul>\n<\/div><\/div><\/div><\/div>\n\n\n\n<div class=\"wp-block-qubely-accordion-item qubely-block-c28aad\"><div itemscope itemprop=\"mainEntity\" itemtype=\"https:\/\/schema.org\/Question\" class=\"qubely-accordion-item qubely-type-fill false\"><div class=\"qubely-accordion-panel qubely-icon-position-right\"><span class=\"qubely-accordion-panel-handler\" role=\"button\"><span itemprop=\"name\" class=\"qubely-accordion-panel-handler-label\">Lineamientos Generales Para La Atenci\u00f3n Y Prevencios De Desastres Naturales, Noviembre 2006.<\/span><span class=\"qubely-accordion-icon fa fa-plus\"><\/span><\/span><\/div><div itemscope itemprop=\"acceptedAnswer\" itemtype=\"https:\/\/schema.org\/Answer\" class=\"qubely-accordion-body\"><div itemprop=\"text\">\n<ul>\n<li><a href=\"https:\/\/www.fiic.la\/documentos\/Lineamientos_grales_desastres_naturales.ppt\" target=\"_blank\" rel=\"noopener\">Lineamientos Generales para la Atenci\u00f3n y Prevencion de Desastres Naturales<\/a><\/li>\n<\/ul>\n<\/div><\/div><\/div><\/div>\n\n\n\n<div class=\"wp-block-qubely-accordion-item qubely-block-f2f34c\"><div itemscope itemprop=\"mainEntity\" itemtype=\"https:\/\/schema.org\/Question\" class=\"qubely-accordion-item qubely-type-fill false\"><div class=\"qubely-accordion-panel qubely-icon-position-right\"><span class=\"qubely-accordion-panel-handler\" role=\"button\"><span itemprop=\"name\" class=\"qubely-accordion-panel-handler-label\">Declaraci\u00f3n Conjunta De Las Am\u00e9ricas Sobre Infraestructura &#8211; Canad\u00e1, Estados Unidos Y FIIC Octubre 1998<\/span><span class=\"qubely-accordion-icon fa fa-plus\"><\/span><\/span><\/div><div itemscope itemprop=\"acceptedAnswer\" itemtype=\"https:\/\/schema.org\/Answer\" class=\"qubely-accordion-body\"><div itemprop=\"text\">\n<ul>\n<li><a href=\"https:\/\/www.fiic.la\/img\/infraestructura.gif\" target=\"_blank\" rel=\"noreferrer noopener\">Ver Documento Original Firmado, Espa\u00f1ol<\/a><\/li>\n<\/ul>\n\n\n\n<ul>\n<li><a href=\"https:\/\/www.fiic.la\/img\/Infrestructura%20Declaracion%20Americas%20Engl.pdf\" target=\"_blank\" rel=\"noreferrer noopener\">Ver Documento Original Firmado, Ingl\u00e9s<\/a><\/li>\n<\/ul>\n<\/div><\/div><\/div><\/div>\n<\/div>","protected":false},"excerpt":{"rendered":"<p>Declaraciones<\/p>","protected":false},"author":6,"featured_media":0,"parent":0,"menu_order":0,"comment_status":"closed","ping_status":"closed","template":"","meta":{"qubely_global_settings":"","qubely_interactions":""},"blocksy_meta":"","_links":{"self":[{"href":"https:\/\/fiic.lat\/en\/wp-json\/wp\/v2\/pages\/3259"}],"collection":[{"href":"https:\/\/fiic.lat\/en\/wp-json\/wp\/v2\/pages"}],"about":[{"href":"https:\/\/fiic.lat\/en\/wp-json\/wp\/v2\/types\/page"}],"author":[{"embeddable":true,"href":"https:\/\/fiic.lat\/en\/wp-json\/wp\/v2\/users\/6"}],"replies":[{"embeddable":true,"href":"https:\/\/fiic.lat\/en\/wp-json\/wp\/v2\/comments?post=3259"}],"version-history":[{"count":8,"href":"https:\/\/fiic.lat\/en\/wp-json\/wp\/v2\/pages\/3259\/revisions"}],"predecessor-version":[{"id":4292,"href":"https:\/\/fiic.lat\/en\/wp-json\/wp\/v2\/pages\/3259\/revisions\/4292"}],"wp:attachment":[{"href":"https:\/\/fiic.lat\/en\/wp-json\/wp\/v2\/media?parent=3259"}],"curies":[{"name":"wp","href":"https:\/\/api.w.org\/{rel}","templated":true}]}}