{"id":3253,"date":"2023-04-21T18:29:02","date_gmt":"2023-04-21T16:29:02","guid":{"rendered":"https:\/\/fiic.lat\/?page_id=3253"},"modified":"2023-10-03T21:01:36","modified_gmt":"2023-10-03T19:01:36","slug":"evolucion-de-la-economia","status":"publish","type":"page","link":"https:\/\/fiic.lat\/en\/evolucion-de-la-economia\/","title":{"rendered":"Evoluci\u00f3n de la Econom\u00eda"},"content":{"rendered":"<p class=\"has-text-align-center has-black-color has-palette-color-1-background-color has-text-color has-background has-large-font-size\">                                     <strong><mark style=\"background-color:rgba(0, 0, 0, 0)\" class=\"has-inline-color has-palette-color-3-color\">  <\/mark><\/strong><mark style=\"background-color:rgba(0, 0, 0, 0)\" class=\"has-inline-color has-palette-color-3-color\"><strong>    Evoluci\u00f3n de la Econom\u00eda<\/strong><\/mark><strong><mark style=\"background-color:rgba(0, 0, 0, 0)\" class=\"has-inline-color has-palette-color-3-color\"> <\/mark><\/strong><\/p>\n\n\n\n<div class=\"qubely-block-accordion  qubely-block-007a11\" data-item-toggle=\"true\">\n<div class=\"wp-block-qubely-accordion-item qubely-block-06c545\"><div class=\"qubely-accordion-item qubely-type-fill qubely-accordion-active\"><div class=\"qubely-accordion-panel qubely-icon-position-right\"><span class=\"qubely-accordion-panel-handler\" role=\"button\"><span class=\"qubely-accordion-panel-handler-label\">Contenido<\/span><span class=\"qubely-accordion-icon fa fa-plus\"><\/span><\/span><\/div><div class=\"qubely-accordion-body\" style=\"display:block\"><div itemprop=\"text\">\n<ul>\n<li><strong>Evoluci\u00f3n de la econom\u00eda de los pa\u00edses miembros de la Federaci\u00f3n Interamericana de la Industria de la Construcci\u00f3n (FIIC)\u00a0durante 2022 \u2013 2023<\/strong><\/li>\n<\/ul>\n\n\n\n<div class=\"wp-block-file\"><a id=\"wp-block-file--media-76300c38-2353-43ec-92d2-1fe53821c467\" href=\"https:\/\/fiic.lat\/wp-content\/uploads\/2023\/10\/Presentacion-FIIC-2022-2023-19-09-2023.pptx\">Presentacion-FIIC-2022-2023-19-09-2023<\/a><a href=\"https:\/\/fiic.lat\/wp-content\/uploads\/2023\/10\/Presentacion-FIIC-2022-2023-19-09-2023.pptx\" class=\"wp-block-file__button wp-element-button\" download aria-describedby=\"wp-block-file--media-76300c38-2353-43ec-92d2-1fe53821c467\">Descarga<\/a><\/div>\n\n\n\n<ul>\n<li><strong>Evoluci\u00f3n de la econom\u00eda de los pa\u00edses miembros de la Federaci\u00f3n Interamericana de la Industria de la Construcci\u00f3n (FIIC)\u00a0durante 2022 \u2013 2023<\/strong><\/li>\n<\/ul>\n\n\n\n<div class=\"wp-block-file\"><a id=\"wp-block-file--media-eb6cc5e4-b5c5-49e3-9bab-5ed180de2ede\" href=\"https:\/\/fiic.lat\/wp-content\/uploads\/2023\/10\/Evolucion_de_los_paises_miembros_de_la_FIIC_version_18_09_2023-1.pdf\">Evolucion_de_los_paises_miembros_de_la_FIIC_version_18_09_2023-1<\/a><a href=\"https:\/\/fiic.lat\/wp-content\/uploads\/2023\/10\/Evolucion_de_los_paises_miembros_de_la_FIIC_version_18_09_2023-1.pdf\" class=\"wp-block-file__button wp-element-button\" download aria-describedby=\"wp-block-file--media-eb6cc5e4-b5c5-49e3-9bab-5ed180de2ede\">Descarga<\/a><\/div>\n\n\n\n<ul>\n<li><a href=\"http:\/\/fiic.la\/Documentos\/LXXXIV%20Reuni%C3%B3n%20de%20Consejo%20Directivo%20y%20Asamblea%20General%20Nov.2021\/Resumen%20Ejecutivo%20Evoluci%C3%B3n%20de%20la%20Econom%C3%ADa%20en%20los%20pa%C3%ADses%20miembros%20FIIC%202020-2021.pdf\" target=\"_blank\" rel=\"noreferrer noopener\">Versi\u00f3n Ejecutiva &#8211; La Evoluci\u00f3n de la Econom\u00eda en los pa\u00edses miembros de la Federaci\u00f3n Interamericana de la Industria de la Construcci\u00f3n durante 2020 &#8211; 2021<\/a><\/li>\n\n\n\n<li><a href=\"http:\/\/fiic.la\/Documentos\/LXXXIV%20Reuni%C3%B3n%20de%20Consejo%20Directivo%20y%20Asamblea%20General%20Nov.2021\/Evoluci%C3%B3n%20de%20la%20Econom%C3%ADa%20en%20los%20pa%C3%ADses%20miembros%20FIIC%202020-2021.pdf\" target=\"_blank\" rel=\"noreferrer noopener\">Versi\u00f3n Completa &#8211; La Evoluci\u00f3n de la Econom\u00eda en los pa\u00edses miembros de la Federaci\u00f3n interamericana de la Industria de la Construcci\u00f3n durante 2021<\/a><\/li>\n\n\n\n<li><a href=\"http:\/\/fiic.la\/Documentos\/LXXXI%20CONSEJO%20DIRECTIVO%20CHILE%20%20OCT%202019\/Evolucion%20Economica%20Paises%20FIIC%202018-2019_Version%20Ejecutiva.pdf\" target=\"_blank\" rel=\"noreferrer noopener\">Versi\u00f3n Ejecutiva &#8211; La Evoluci\u00f3n de la Econom\u00eda en los pa\u00edses miembros de la Federaci\u00f3n Interamericana de la Industria de la Construcci\u00f3n &#8211; durante 2018 &#8211; 2019<\/a><\/li>\n\n\n\n<li><a href=\"http:\/\/fiic.la\/Documentos\/LXXXI%20CONSEJO%20DIRECTIVO%20CHILE%20%20OCT%202019\/FIIC%20DOCUMENTO%20COMPLETO_2018-2019_09_09_2019_BORRADOR_1ra_Parte_PRE-FINAL.pdf\" target=\"_blank\" rel=\"noreferrer noopener\">Versi\u00f3n Completa 1era. parte &#8211; La Evoluci\u00f3n de la Econom\u00eda en los pa\u00edes miembros de la Federaci\u00f3n Interamericana de la Industria de la Construcci\u00f3n durante 2018-2019<\/a><\/li>\n\n\n\n<li><a href=\"http:\/\/fiic.la\/Documentos\/LXXXI%20CONSEJO%20DIRECTIVO%20CHILE%20%20OCT%202019\/FIIC%20DOCUMENTO%20COMPLETO_2018-2019_09_09_2019_BORRADOR_2da_PRE-FINAL.pdf\" target=\"_blank\" rel=\"noreferrer noopener\">Versi\u00f3n Completa 2a. parte &#8211; La Evoluci\u00f3n de la Econom\u00eda en los pa\u00edes miembros de la Federaci\u00f3n Interamericana de la Industria de la Construcci\u00f3n durante 2018-2019<\/a><\/li>\n\n\n\n<li><a href=\"http:\/\/fiic.la\/Documentos\/LXXXI%20CONSEJO%20DIRECTIVO%20CHILE%20%20OCT%202019\/ANEXO%20FIIC%202018-2019_3ra_Parte_1_PRE-FINAL.pdf\" target=\"_blank\" rel=\"noreferrer noopener\">Versi\u00f3n Completa 3era. parte Anexo &#8211; La Evoluci\u00f3n de la Econom\u00eda en los pa\u00edes miembros de la Federaci\u00f3n Interamericana de la Industria de la Construcci\u00f3n durante 2018-2019<\/a><\/li>\n\n\n\n<li><a href=\"http:\/\/fiic.la\/Documentos\/LXXIX%20Reunion%20de%20Consejo%20Directivo%20FIIC%209%20octubre%202018%20-%20Peru\/La%20Evolucion%20Economica%20de%20los%20Paises%20Miembros%20de%20la%20FIIC%202017-2018_Presentacion%20Ejecutiva_Definitiva%2025_09_2018_1.pdf\" target=\"_blank\" rel=\"noreferrer noopener\">Versi\u00f3n Ejecutiva &#8211; La Evoluci\u00f3n de la Econom\u00eda en los pa\u00edses miembros de la Federaci\u00f3nInteramericana de la Industria de la Construcci\u00f3n &#8211; durante 2017-2018<\/a><\/li>\n\n\n\n<li><a href=\"http:\/\/fiic.la\/Documentos\/LXXIX%20Reunion%20de%20Consejo%20Directivo%20FIIC%209%20octubre%202018%20-%20Peru\/Evolucion%20Economica%20de%20los%20Paises%20Miembros%20de%20la%20FIIC%202017-2018%20completo.pdf\" target=\"_blank\" rel=\"noreferrer noopener\">Versi\u00f3n Completa &#8211; La Evoluci\u00f3n de la Econom\u00eda en los pa\u00edses miembros de la Federaci\u00f3n Interamericana de la Industria de la Construcci\u00f3n &#8211; durante 2017 -2018<\/a><\/li>\n\n\n\n<li><a href=\"http:\/\/fiic.la\/Documentos\/%20LXXVII%20Reuni%C3%B3n%20de%20Consejo%20Directivo%20FIIC%20-%203%20de%20octubre%202017%20-%20Buenos%20Aires,%20Argentina%20\/10.%20PRESENTACI%C3%93N%20EJECUTIVA%20FIIC%202016-2017_18_09_2017%20(1).pdf\" target=\"_blank\" rel=\"noopener\">Versi\u00f3n Ejecutiva &#8211; La Evoluci\u00f3n de la Econom\u00eda en los pa\u00edses miembros de la Federaci\u00f3n Interamericana de la Industria de la Construcci\u00f3n &#8211; durante 2016 &#8211; 2017<\/a><\/li>\n\n\n\n<li><a href=\"http:\/\/fiic.la\/Documentos\/%20LXXVII%20Reuni%C3%B3n%20de%20Consejo%20Directivo%20FIIC%20-%203%20de%20octubre%202017%20-%20Buenos%20Aires,%20Argentina%20\/Evolucion%20de%20la%20economia%20en%20los%20paises%20miembros%20de%20la%20FIIC%202017___.pdf\" target=\"_blank\" rel=\"noopener\">Versi\u00f3n Completa&nbsp;&#8211; La Evolucion de la Econom\u00eda en los pa\u00edses miembros de la Federaci\u00f3n Interamericana de la Industria de la Construcci\u00f3n &#8211; durante el 2016 &#8211; 2017<\/a><\/li>\n\n\n\n<li><a href=\"http:\/\/fiic.la\/LXXV%20CONSEJO%20DIRECTIVO%20PARAGUAY%20OCT.2016\/PRESENTACION%20EJECUTIVA%20FIIC%20EVOLUCION%20DE%20LA%20ECONOMIA.pdf\" target=\"_blank\" rel=\"noopener\">Versi\u00f3n Ejecutiva<\/a><a href=\"http:\/\/fiic.la\/Documentos\/LXXV%20CONSEJO%20DIRECTIVO%20PARAGUAY%20OCT.2016\/PRESENTACION%20EJECUTIVA%20FIIC%20EVOLUCION%20DE%20LA%20ECONOMIA.pdf\" target=\"_blank\" rel=\"noopener\">&nbsp;&#8211; La Evoluci\u00f3n de la Econom\u00eda en los pa\u00edses miembros de la Federaci\u00f3n Interamericana de la Industria de la Construcci\u00f3n &#8211; durante el 2015 &#8211; 2016<\/a><\/li>\n\n\n\n<li><a href=\"http:\/\/fiic.la\/LXXV%20CONSEJO%20DIRECTIVO%20PARAGUAY%20OCT.2016\/DOCUMENTO%20FIIC_2015-2016.pdf\" target=\"_blank\" rel=\"noreferrer noopener\">Versi\u00f3n Completa<\/a><a href=\"http:\/\/fiic.la\/Documentos\/LXXV%20CONSEJO%20DIRECTIVO%20PARAGUAY%20OCT.2016\/DOCUMENTO%20FIIC_2015-2016.pdf\" target=\"_blank\" rel=\"noopener\">&nbsp;&#8211; La Evoluci\u00f3n de la Econom\u00eda en los pa\u00edses miembros de la Federaci\u00f3n Interamericana de la Industria de la Construcci\u00f3n &#8211; durante el 2015 -2016<\/a><\/li>\n\n\n\n<li><a href=\"http:\/\/fiic.la\/Documetos\/LXXIII%20CONSEJO%20DIRECTIVO%20Y%2030%20CONGR.CHILE%202015\/DOCUMENTO%20EVOLUCION%20DE%20LAS%20ECONOMIAS%20DE%20LA%20FIIC%202014-2015_DEF%20_11_10_2015.pdf\" target=\"_blank\" rel=\"noreferrer noopener\">Versi\u00f3n Ejecutiva &#8211;&nbsp;<\/a><a href=\"http:\/\/fiic.la\/Documentos\/LXXIII%20CONSEJO%20DIRECTIVO%20Y%2030%20CONGR.CHILE%202015\/DOCUMENTO%20EVOLUCION%20DE%20LAS%20ECONOMIAS%20DE%20LA%20FIIC%202014-2015_DEF%20_11_10_2015.pdf\" target=\"_blank\" rel=\"noopener\">La Evoluci\u00f3n de la Econom\u00eda en los p\u00e1ises miembros de la Federaci\u00f3n Interamericana de la Industria de la Construcci\u00f3n, durante 2014-2015<\/a><\/li>\n\n\n\n<li><a href=\"http:\/\/fiic.la\/LXXIII%20CONSEJO%20DIRECTIVO%20Y%2030%20CONGR.CHILE%202015\/DOCUMENTO%20EVOLUCION%20DE%20LAS%20ECONOMIAS%20DE%20LA%20FIIC%202014-%202015_DEF.pdf\" target=\"_blank\" rel=\"noreferrer noopener\">Versi\u00f3n Completa&nbsp;<\/a><a href=\"http:\/\/fiic.la\/Documentos\/LXXIII%20CONSEJO%20DIRECTIVO%20Y%2030%20CONGR.CHILE%202015\/DOCUMENTO%20EVOLUCION%20DE%20LAS%20ECONOMIAS%20DE%20LA%20FIIC%202014-%202015_DEF.pdf\" target=\"_blank\" rel=\"noopener\">&#8211; La Evoluci\u00f3n de la Econom\u00eda en los pa\u00edses miembros de la Federaci\u00f3n Interamericana de la Industria de la Construcci\u00f3n, durante 2014-2015<\/a><\/li>\n\n\n\n<li><a href=\"http:\/\/fiic.la\/Documentos\/LXXI%20CONSEJO%20Y%20CONGRESO%20COLOMBIA\/EVOLUCION%20DE%20LAS%20ECONOMIAS%20PAISES%20FIIC%20VER.%20COMPLETA.pdf\" target=\"_blank\" rel=\"noreferrer noopener\">La Evoluci\u00f3n de la Econom\u00eda en los Pa\u00edses Miembros de la Federaci\u00f3n Interamericanade la Industria de la Construccion, durante 2013 &#8211; 2014<\/a><\/li>\n\n\n\n<li><a href=\"http:\/\/fiic.la\/Documentos\/LXXI%20CONSEJO%20Y%20CONGRESO%20COLOMBIA\/EVOLUCION%20DE%20LAS%20ECONOMIAS%20DE%20LOS%20PAISES%20MIEMBROS%20DE%20LA%20FIIC%202013-2014_DEF%20VER.EJECUTIVA.pdf\" target=\"_blank\" rel=\"noreferrer noopener\">La Evoluci\u00f3n de la Econom\u00eda en los Pa\u00edses Miembros de la Federaci\u00f3n Interamericana de la Industria de la Construcci\u00f3n, durante 2013-2014 Versi\u00f3n Ejecutiva<\/a><\/li>\n\n\n\n<li><a href=\"http:\/\/fiic.la\/Documentos\/LXIX%20CONSEJO%20DIRECTIVO%20FORTALEZA\/EVOLUCION_ECONOMIA_PAISES_FIIC-2013%20A.pdf\" target=\"_blank\" rel=\"noreferrer noopener\">La Evoluci\u00f3n de la Econom\u00eda en los Pa\u00edses Miembros de la Federaci\u00f3n Interamericana de la Industria de la Construcci\u00f3n, durante 2012 &#8211; 2013<\/a><\/li>\n\n\n\n<li><a href=\"http:\/\/fiic.la\/Documentos\/LXIX%20CONSEJO%20DIRECTIVO%20FORTALEZA\/3_EVOLUCION%20DE%20LAS%20ECONOMIAS%20DE%20LOS%20PAISES%20FIIC%202012-2013_19_09_2013.pdf\" target=\"_blank\" rel=\"noreferrer noopener\">La Evoluci\u00f3n de la Econom\u00eda en los Pa\u00edses Miembros de la Federaci\u00f3n Interamericana de la Industria de la Construcci\u00f3n, durante 2012 &#8211; 2013 &#8211; Versi\u00f3n Ejecutiva<\/a><\/li>\n\n\n\n<li><a href=\"http:\/\/fiic.la\/documentos\/DOCUMENTO%20FIIC%202011-2012.pdf\" target=\"_blank\" rel=\"noreferrer noopener\">La Evoluci\u00f3n de la Econom\u00eda en los Pa\u00edses Miembros de la Federaci\u00f3n Interamericana de la Industria de la Construcci\u00f3n, durante 2011-2012<\/a><\/li>\n\n\n\n<li><a href=\"http:\/\/fiic.la\/documentos\/PRESENTACION%20EJECUTIVA%20FIIC%202011-2012.pdf\" target=\"_blank\" rel=\"noreferrer noopener\">La Evoluci\u00f3n de la Econom\u00eda en los Pa\u00edses Miembros de la Federaci\u00f3n Interamericana de la Industria de la Construcci\u00f3n, durante 2011-2012 &#8211; Versi\u00f3n Ejecutiva<\/a><\/li>\n\n\n\n<li><a href=\"http:\/\/fiic.la\/documentos\/DOCUMENTO_FIIC%202011_12_09_11_FINAL.pdf\" target=\"_blank\" rel=\"noreferrer noopener\">La Evoluci\u00f3n de la Econom\u00eda en los Pa\u00edses Miembros de la Federaci\u00f3n Interamericana de la Industria de la Construcci\u00f3n, durante 2011<\/a><\/li>\n\n\n\n<li><a href=\"http:\/\/fiic.la\/documentos\/EvolucionEconomiaFIIC2011_DEF_12_09_11.pdf\" target=\"_blank\" rel=\"noreferrer noopener\">Evoluci\u00f3n Econom\u00eda Paises FIIC 2011 Versi\u00f3n Ejecutiva<\/a><\/li>\n\n\n\n<li><a href=\"http:\/\/fiic.la\/documentos\/Evolucion%20Economia%20Paises%20FIIC%202009-2010.pdf\" target=\"_blank\" rel=\"noreferrer noopener\">La Evoluci\u00f3n de la Econom\u00eda en los Pa\u00edses Miembros de la Federaci\u00f3n Interamericana de la Industria de la Construcci\u00f3n, durante el 2009 y el 2010<\/a><\/li>\n\n\n\n<li><a href=\"http:\/\/fiic.la\/fiic_cr\/Evolucion%20Economia%20Paises%20FIIC%202009-2010%20V%20Ejecutiva.pdf\" target=\"_blank\" rel=\"noreferrer noopener\">Evoluci\u00f3n Economia Paises FIIC 2009-2010 Versi\u00f3n Ejecutiva<\/a><\/li>\n\n\n\n<li><a href=\"http:\/\/fiic.la\/documentos\/FX%20PAISES%20DE%20LA%20FIIC%202005-20102.xls\" target=\"_blank\" rel=\"noreferrer noopener\">Evoluci\u00f3n del Tipo de Cambio en paises FIIC 2005 a 2010<\/a><\/li>\n\n\n\n<li><a href=\"http:\/\/fiic.la\/documentos\/Informe_Panama_Noviembre_2010.pdf\" target=\"_blank\" rel=\"noreferrer noopener\">Informe Econ\u00f3mico Panama Noviembre 2010<\/a><\/li>\n\n\n\n<li><a href=\"http:\/\/fiic.la\/biblioteca\/US%20Construction%20and%20Materials%20Outlook.pdf\" target=\"_blank\" rel=\"noreferrer noopener\">Paquete de Est\u00edmulos en USA para enfrentar crisis econ\u00f3mica internacional 2008.<\/a><\/li>\n\n\n\n<li><a href=\"http:\/\/fiic.la\/biblioteca\/US%20Construction%20and%20Materials%20Outlook.pdf\" target=\"_blank\" rel=\"noreferrer noopener\">Perspectivas de la construcci\u00f3n, materiales y MdeO en USA<\/a><\/li>\n<\/ul>\n<\/div><\/div><\/div><\/div>\n<\/div>\n\n\n\n<p><\/p>","protected":false},"excerpt":{"rendered":"<p>Evoluci\u00f3n de la Econom\u00eda<\/p>","protected":false},"author":6,"featured_media":0,"parent":0,"menu_order":0,"comment_status":"closed","ping_status":"closed","template":"","meta":{"qubely_global_settings":"","qubely_interactions":""},"blocksy_meta":"","_links":{"self":[{"href":"https:\/\/fiic.lat\/en\/wp-json\/wp\/v2\/pages\/3253"}],"collection":[{"href":"https:\/\/fiic.lat\/en\/wp-json\/wp\/v2\/pages"}],"about":[{"href":"https:\/\/fiic.lat\/en\/wp-json\/wp\/v2\/types\/page"}],"author":[{"embeddable":true,"href":"https:\/\/fiic.lat\/en\/wp-json\/wp\/v2\/users\/6"}],"replies":[{"embeddable":true,"href":"https:\/\/fiic.lat\/en\/wp-json\/wp\/v2\/comments?post=3253"}],"version-history":[{"count":9,"href":"https:\/\/fiic.lat\/en\/wp-json\/wp\/v2\/pages\/3253\/revisions"}],"predecessor-version":[{"id":3835,"href":"https:\/\/fiic.lat\/en\/wp-json\/wp\/v2\/pages\/3253\/revisions\/3835"}],"wp:attachment":[{"href":"https:\/\/fiic.lat\/en\/wp-json\/wp\/v2\/media?parent=3253"}],"curies":[{"name":"wp","href":"https:\/\/api.w.org\/{rel}","templated":true}]}}