{"id":3250,"date":"2023-04-21T18:27:17","date_gmt":"2023-04-21T16:27:17","guid":{"rendered":"https:\/\/fiic.lat\/?page_id=3250"},"modified":"2023-04-27T19:15:13","modified_gmt":"2023-04-27T17:15:13","slug":"banco-documental-2","status":"publish","type":"page","link":"https:\/\/fiic.lat\/en\/banco-documental-2\/","title":{"rendered":"Estrategias  Para Enfrentar Crisis Econ\u00f3mica Internacional De 2008"},"content":{"rendered":"<p class=\"has-text-align-center has-palette-color-1-background-color has-background has-large-font-size\">Crisis Econ\u00f3mica Internacional de 2008<\/p>\n\n\n\n<div class=\"qubely-block-accordion  qubely-block-f840d0\" data-item-toggle=\"true\">\n<div class=\"wp-block-qubely-accordion-item qubely-block-03a728\"><div itemscope itemprop=\"mainEntity\" itemtype=\"https:\/\/schema.org\/Question\" class=\"qubely-accordion-item qubely-type-fill qubely-accordion-active\"><div class=\"qubely-accordion-panel qubely-icon-position-right\"><span class=\"qubely-accordion-panel-handler\" role=\"button\"><span itemprop=\"name\" class=\"qubely-accordion-panel-handler-label\">Contenido <\/span><span class=\"qubely-accordion-icon fa fa-plus\"><\/span><\/span><\/div><div itemscope itemprop=\"acceptedAnswer\" itemtype=\"https:\/\/schema.org\/Answer\" class=\"qubely-accordion-body\" style=\"display:block\"><div itemprop=\"text\">\n<p><strong>C\u00e1mara Argentina de la Construcci\u00f3n<\/strong><\/p>\n\n\n\n<div class=\"wp-block-file\"><object class=\"wp-block-file__embed\" data=\"https:\/\/fiic.lat\/wp-content\/uploads\/2023\/04\/ARGENTINA_Efectos_crisis-_Planes.pdf\" type=\"application\/pdf\" style=\"width:100%;height:600px\" aria-label=\"Embed of ARGENTINA_Efectos_crisis-_Planes.\"><\/object><a id=\"wp-block-file--media-820e527c-d7de-4a46-9094-5e5ee15418e3\" href=\"https:\/\/fiic.lat\/wp-content\/uploads\/2023\/04\/ARGENTINA_Efectos_crisis-_Planes.pdf\">ARGENTINA_Efectos_crisis-_Planes<\/a><a href=\"https:\/\/fiic.lat\/wp-content\/uploads\/2023\/04\/ARGENTINA_Efectos_crisis-_Planes.pdf\" class=\"wp-block-file__button wp-element-button\" download aria-describedby=\"wp-block-file--media-820e527c-d7de-4a46-9094-5e5ee15418e3\">Descarga<\/a><\/div>\n\n\n\n<p><strong>C\u00e1mara Brasile\u00f1a de la Industria de la Construcci\u00f3n<\/strong><\/p>\n\n\n\n<div class=\"wp-block-file\"><object class=\"wp-block-file__embed\" data=\"https:\/\/fiic.lat\/wp-content\/uploads\/2023\/04\/brasil-1.pdf\" type=\"application\/pdf\" style=\"width:100%;height:600px\" aria-label=\"Embed of brasil-1.\"><\/object><a id=\"wp-block-file--media-1a07a60c-a841-4a37-acff-a277fda6f44c\" href=\"https:\/\/fiic.lat\/wp-content\/uploads\/2023\/04\/brasil-1.pdf\">brasil-1<\/a><a href=\"https:\/\/fiic.lat\/wp-content\/uploads\/2023\/04\/brasil-1.pdf\" class=\"wp-block-file__button wp-element-button\" download aria-describedby=\"wp-block-file--media-1a07a60c-a841-4a37-acff-a277fda6f44c\">Descarga<\/a><\/div>\n\n\n\n<p>C\u00e1mara Colombiana de la Infraestructura&nbsp;<\/p>\n\n\n\n<div class=\"wp-block-file\"><object class=\"wp-block-file__embed\" data=\"https:\/\/fiic.lat\/wp-content\/uploads\/2023\/04\/Colombia-La-oportunidad-1.pdf\" type=\"application\/pdf\" style=\"width:100%;height:600px\" aria-label=\"Embed of Colombia-La-oportunidad-1.\"><\/object><a id=\"wp-block-file--media-a340c557-2816-40fe-a9af-94d6a6b58c62\" href=\"https:\/\/fiic.lat\/wp-content\/uploads\/2023\/04\/Colombia-La-oportunidad-1.pdf\">Colombia-La-oportunidad-1<\/a><a href=\"https:\/\/fiic.lat\/wp-content\/uploads\/2023\/04\/Colombia-La-oportunidad-1.pdf\" class=\"wp-block-file__button wp-element-button\" download aria-describedby=\"wp-block-file--media-a340c557-2816-40fe-a9af-94d6a6b58c62\">Descarga<\/a><\/div>\n\n\n\n<div class=\"wp-block-file\"><object class=\"wp-block-file__embed\" data=\"https:\/\/fiic.lat\/wp-content\/uploads\/2023\/04\/COLOMBIA-Los-10-Mandamientos-De-La-Infraestructura-1.pdf\" type=\"application\/pdf\" style=\"width:100%;height:600px\" aria-label=\"Embed of COLOMBIA-Los-10-Mandamientos-De-La-Infraestructura-1.\"><\/object><a id=\"wp-block-file--media-e9c17244-686f-4dca-852f-342db09e368c\" href=\"https:\/\/fiic.lat\/wp-content\/uploads\/2023\/04\/COLOMBIA-Los-10-Mandamientos-De-La-Infraestructura-1.pdf\">COLOMBIA-Los-10-Mandamientos-De-La-Infraestructura-1<\/a><a href=\"https:\/\/fiic.lat\/wp-content\/uploads\/2023\/04\/COLOMBIA-Los-10-Mandamientos-De-La-Infraestructura-1.pdf\" class=\"wp-block-file__button wp-element-button\" download aria-describedby=\"wp-block-file--media-e9c17244-686f-4dca-852f-342db09e368c\">Descarga<\/a><\/div>\n\n\n\n<div class=\"wp-block-file\"><object class=\"wp-block-file__embed\" data=\"https:\/\/fiic.lat\/wp-content\/uploads\/2023\/04\/Con-confianza-inversionista-Colombia-seguira-enfrentando-crisis-financiera-internacional-1.pdf\" type=\"application\/pdf\" style=\"width:100%;height:600px\" aria-label=\"Embed of Con-confianza-inversionista-Colombia-seguira-enfrentando-crisis-financiera-internacional-1.\"><\/object><a id=\"wp-block-file--media-4350f7d2-3f1b-4ed2-b122-a12fba9bb966\" href=\"https:\/\/fiic.lat\/wp-content\/uploads\/2023\/04\/Con-confianza-inversionista-Colombia-seguira-enfrentando-crisis-financiera-internacional-1.pdf\">Con-confianza-inversionista-Colombia-seguira-enfrentando-crisis-financiera-internacional-1<\/a><a href=\"https:\/\/fiic.lat\/wp-content\/uploads\/2023\/04\/Con-confianza-inversionista-Colombia-seguira-enfrentando-crisis-financiera-internacional-1.pdf\" class=\"wp-block-file__button wp-element-button\" download aria-describedby=\"wp-block-file--media-4350f7d2-3f1b-4ed2-b122-a12fba9bb966\">Descarga<\/a><\/div>\n\n\n\n<p><strong>C\u00e1mara Costarricense de la Construcci\u00f3n<\/strong><\/p>\n\n\n\n<div class=\"wp-block-file\"><object class=\"wp-block-file__embed\" data=\"https:\/\/fiic.lat\/wp-content\/uploads\/2023\/04\/crisis-financiamiento-2008-08-19-CCC_6_-1.pdf\" type=\"application\/pdf\" style=\"width:100%;height:600px\" aria-label=\"Embed of crisis-financiamiento-2008-08-19-CCC_6_-1.\"><\/object><a id=\"wp-block-file--media-d228e40f-8a47-4d92-899d-f4e820d43b50\" href=\"https:\/\/fiic.lat\/wp-content\/uploads\/2023\/04\/crisis-financiamiento-2008-08-19-CCC_6_-1.pdf\">crisis-financiamiento-2008-08-19-CCC_6_-1<\/a><a href=\"https:\/\/fiic.lat\/wp-content\/uploads\/2023\/04\/crisis-financiamiento-2008-08-19-CCC_6_-1.pdf\" class=\"wp-block-file__button wp-element-button\" download aria-describedby=\"wp-block-file--media-d228e40f-8a47-4d92-899d-f4e820d43b50\">Descarga<\/a><\/div>\n\n\n\n<div class=\"wp-block-file\"><object class=\"wp-block-file__embed\" data=\"https:\/\/fiic.lat\/wp-content\/uploads\/2023\/04\/Opiniones-personales-IngJaimeMolina-1.pdf\" type=\"application\/pdf\" style=\"width:100%;height:600px\" aria-label=\"Embed of Opiniones-personales-IngJaimeMolina-1.\"><\/object><a id=\"wp-block-file--media-7eb900a9-fcf3-453e-9ef7-05f3a90d32af\" href=\"https:\/\/fiic.lat\/wp-content\/uploads\/2023\/04\/Opiniones-personales-IngJaimeMolina-1.pdf\">Opiniones-personales-IngJaimeMolina-1<\/a><a href=\"https:\/\/fiic.lat\/wp-content\/uploads\/2023\/04\/Opiniones-personales-IngJaimeMolina-1.pdf\" class=\"wp-block-file__button wp-element-button\" download aria-describedby=\"wp-block-file--media-7eb900a9-fcf3-453e-9ef7-05f3a90d32af\">Descarga<\/a><\/div>\n\n\n\n<p><strong>C\u00e1mara Chilena de la Construcci\u00f3n&nbsp;<\/strong><\/p>\n\n\n\n<div class=\"wp-block-file\"><object class=\"wp-block-file__embed\" data=\"https:\/\/fiic.lat\/wp-content\/uploads\/2023\/04\/Comentarios-personales-del-IngGermanMolina-1.pdf\" type=\"application\/pdf\" style=\"width:100%;height:600px\" aria-label=\"Embed of Comentarios-personales-del-IngGermanMolina-1.\"><\/object><a id=\"wp-block-file--media-942bae13-1a01-47e1-85aa-ff3cdf0fbc15\" href=\"https:\/\/fiic.lat\/wp-content\/uploads\/2023\/04\/Comentarios-personales-del-IngGermanMolina-1.pdf\">Comentarios-personales-del-IngGermanMolina-1<\/a><a href=\"https:\/\/fiic.lat\/wp-content\/uploads\/2023\/04\/Comentarios-personales-del-IngGermanMolina-1.pdf\" class=\"wp-block-file__button wp-element-button\" download aria-describedby=\"wp-block-file--media-942bae13-1a01-47e1-85aa-ff3cdf0fbc15\">Descarga<\/a><\/div>\n\n\n\n<p><strong>C\u00e1mara de la Construcci\u00f3n de Quito<\/strong><\/p>\n\n\n\n<div class=\"wp-block-file\"><object class=\"wp-block-file__embed\" data=\"https:\/\/fiic.lat\/wp-content\/uploads\/2023\/04\/ECUADOR-CARACTERISTICAS-DE-LA-CRISIS-Y-MEDIDAS-A-ADOPTARSE-1.pdf\" type=\"application\/pdf\" style=\"width:100%;height:600px\" aria-label=\"Embed of ECUADOR-CARACTERISTICAS-DE-LA-CRISIS-Y-MEDIDAS-A-ADOPTARSE-1.\"><\/object><a id=\"wp-block-file--media-10b6edcf-ffa6-43c4-9f0b-73525aaef3a5\" href=\"https:\/\/fiic.lat\/wp-content\/uploads\/2023\/04\/ECUADOR-CARACTERISTICAS-DE-LA-CRISIS-Y-MEDIDAS-A-ADOPTARSE-1.pdf\">ECUADOR-CARACTERISTICAS-DE-LA-CRISIS-Y-MEDIDAS-A-ADOPTARSE-1<\/a><a href=\"https:\/\/fiic.lat\/wp-content\/uploads\/2023\/04\/ECUADOR-CARACTERISTICAS-DE-LA-CRISIS-Y-MEDIDAS-A-ADOPTARSE-1.pdf\" class=\"wp-block-file__button wp-element-button\" download aria-describedby=\"wp-block-file--media-10b6edcf-ffa6-43c4-9f0b-73525aaef3a5\">Descarga<\/a><\/div>\n\n\n\n<p><strong>C\u00e1mara Mexicana de la Industria de la Construcci\u00f3n<\/strong><\/p>\n\n\n\n<div class=\"wp-block-file\"><object class=\"wp-block-file__embed\" data=\"https:\/\/fiic.lat\/wp-content\/uploads\/2023\/04\/FCH-lanza-Progr-Impul-Crec-y-Empleo-1.pdf\" type=\"application\/pdf\" style=\"width:100%;height:600px\" aria-label=\"Embed of FCH-lanza-Progr-Impul-Crec-y-Empleo-1.\"><\/object><a id=\"wp-block-file--media-f396d8ea-01cd-49c4-824d-30d0c9d83cb2\" href=\"https:\/\/fiic.lat\/wp-content\/uploads\/2023\/04\/FCH-lanza-Progr-Impul-Crec-y-Empleo-1.pdf\">FCH-lanza-Progr-Impul-Crec-y-Empleo-1<\/a><a href=\"https:\/\/fiic.lat\/wp-content\/uploads\/2023\/04\/FCH-lanza-Progr-Impul-Crec-y-Empleo-1.pdf\" class=\"wp-block-file__button wp-element-button\" download aria-describedby=\"wp-block-file--media-f396d8ea-01cd-49c4-824d-30d0c9d83cb2\">Descarga<\/a><\/div>\n\n\n\n<div class=\"wp-block-file\"><object class=\"wp-block-file__embed\" data=\"https:\/\/fiic.lat\/wp-content\/uploads\/2023\/04\/Banxico-Resumen-Medidas-Ficales-en-Mexico-ante-Crisis-Ene-2009-1.pdf\" type=\"application\/pdf\" style=\"width:100%;height:600px\" aria-label=\"Embed of Banxico-Resumen-Medidas-Ficales-en-Mexico-ante-Crisis-Ene-2009-1.\"><\/object><a id=\"wp-block-file--media-2c838a9c-16ca-441b-8cba-835c054735f8\" href=\"https:\/\/fiic.lat\/wp-content\/uploads\/2023\/04\/Banxico-Resumen-Medidas-Ficales-en-Mexico-ante-Crisis-Ene-2009-1.pdf\">Banxico-Resumen-Medidas-Ficales-en-Mexico-ante-Crisis-Ene-2009-1<\/a><a href=\"https:\/\/fiic.lat\/wp-content\/uploads\/2023\/04\/Banxico-Resumen-Medidas-Ficales-en-Mexico-ante-Crisis-Ene-2009-1.pdf\" class=\"wp-block-file__button wp-element-button\" download aria-describedby=\"wp-block-file--media-2c838a9c-16ca-441b-8cba-835c054735f8\">Descarga<\/a><\/div>\n\n\n\n<p><strong>C\u00e1mara Paname\u00f1a de la Construcci\u00f3n<\/strong><\/p>\n\n\n\n<div class=\"wp-block-file\"><object class=\"wp-block-file__embed\" data=\"https:\/\/fiic.lat\/wp-content\/uploads\/2023\/04\/panama-1.pdf\" type=\"application\/pdf\" style=\"width:100%;height:600px\" aria-label=\"Embed of panama-1.\"><\/object><a id=\"wp-block-file--media-c1a751ba-861c-4bdc-a053-9d7946f7661f\" href=\"https:\/\/fiic.lat\/wp-content\/uploads\/2023\/04\/panama-1.pdf\">panama-1<\/a><a href=\"https:\/\/fiic.lat\/wp-content\/uploads\/2023\/04\/panama-1.pdf\" class=\"wp-block-file__button wp-element-button\" download aria-describedby=\"wp-block-file--media-c1a751ba-861c-4bdc-a053-9d7946f7661f\">Descarga<\/a><\/div>\n\n\n\n<p><strong>C\u00e1mara Peruana de la Construcci\u00f3n<\/strong><\/p>\n\n\n\n<div class=\"wp-block-file\"><object class=\"wp-block-file__embed\" data=\"https:\/\/fiic.lat\/wp-content\/uploads\/2023\/04\/BALANCE_DEL_SECTOR-1.pdf\" type=\"application\/pdf\" style=\"width:100%;height:600px\" aria-label=\"Embed of BALANCE_DEL_SECTOR-1.\"><\/object><a id=\"wp-block-file--media-be14b491-90cb-4f62-8dc7-8627898842e1\" href=\"https:\/\/fiic.lat\/wp-content\/uploads\/2023\/04\/BALANCE_DEL_SECTOR-1.pdf\">BALANCE_DEL_SECTOR-1<\/a><a href=\"https:\/\/fiic.lat\/wp-content\/uploads\/2023\/04\/BALANCE_DEL_SECTOR-1.pdf\" class=\"wp-block-file__button wp-element-button\" download aria-describedby=\"wp-block-file--media-be14b491-90cb-4f62-8dc7-8627898842e1\">Descarga<\/a><\/div>\n\n\n\n<div class=\"wp-block-file\"><object class=\"wp-block-file__embed\" data=\"https:\/\/fiic.lat\/wp-content\/uploads\/2023\/04\/crecimiento-Peru-2.pdf\" type=\"application\/pdf\" style=\"width:100%;height:600px\" aria-label=\"Embed of crecimiento-Peru-2.\"><\/object><a id=\"wp-block-file--media-0b9d29cb-5acd-4837-a649-877e08ace8a5\" href=\"https:\/\/fiic.lat\/wp-content\/uploads\/2023\/04\/crecimiento-Peru-2.pdf\">crecimiento-Peru-2<\/a><a href=\"https:\/\/fiic.lat\/wp-content\/uploads\/2023\/04\/crecimiento-Peru-2.pdf\" class=\"wp-block-file__button wp-element-button\" download aria-describedby=\"wp-block-file--media-0b9d29cb-5acd-4837-a649-877e08ace8a5\">Descarga<\/a><\/div>\n<\/div><\/div><\/div><\/div>\n<\/div>","protected":false},"excerpt":{"rendered":"<p>Crisis Econ\u00f3mica Internacional de 2008<\/p>","protected":false},"author":6,"featured_media":0,"parent":0,"menu_order":0,"comment_status":"closed","ping_status":"closed","template":"","meta":{"qubely_global_settings":"","qubely_interactions":""},"blocksy_meta":"","_links":{"self":[{"href":"https:\/\/fiic.lat\/en\/wp-json\/wp\/v2\/pages\/3250"}],"collection":[{"href":"https:\/\/fiic.lat\/en\/wp-json\/wp\/v2\/pages"}],"about":[{"href":"https:\/\/fiic.lat\/en\/wp-json\/wp\/v2\/types\/page"}],"author":[{"embeddable":true,"href":"https:\/\/fiic.lat\/en\/wp-json\/wp\/v2\/users\/6"}],"replies":[{"embeddable":true,"href":"https:\/\/fiic.lat\/en\/wp-json\/wp\/v2\/comments?post=3250"}],"version-history":[{"count":7,"href":"https:\/\/fiic.lat\/en\/wp-json\/wp\/v2\/pages\/3250\/revisions"}],"predecessor-version":[{"id":3440,"href":"https:\/\/fiic.lat\/en\/wp-json\/wp\/v2\/pages\/3250\/revisions\/3440"}],"wp:attachment":[{"href":"https:\/\/fiic.lat\/en\/wp-json\/wp\/v2\/media?parent=3250"}],"curies":[{"name":"wp","href":"https:\/\/api.w.org\/{rel}","templated":true}]}}