{"id":1789,"date":"2022-11-21T12:17:19","date_gmt":"2022-11-21T11:17:19","guid":{"rendered":"https:\/\/fiic.lat\/?page_id=1789"},"modified":"2026-03-05T20:00:21","modified_gmt":"2026-03-05T19:00:21","slug":"comision-directores-y-gerentes","status":"publish","type":"page","link":"https:\/\/fiic.lat\/en\/comisiones\/comision-directores-y-gerentes\/","title":{"rendered":"Comisi\u00f3n Directores y Gerentes"},"content":{"rendered":"<div class=\"wp-block-qubely-row alignfull qubely-section qubely-block-1e03d0\"><div class=\"qubely-row-overlay\"><\/div><div class=\"qubely-container\"><div class=\"qubely-row\">\n<div class=\"wp-block-qubely-column qubely-column qubely-column-front qubely-block-89569b\"><div class=\"qubely-column-inner\">\n<div class=\"wp-block-qubely-heading qubely-block-e0c7a8\"><div class=\"qubely-block-heading\"><div class=\"qubely-heading-container\"><h2 class=\"qubely-heading-selector\">Objetivos<\/h2><\/div><\/div><\/div>\n\n\n\n<p><strong>Primero<\/strong> : Una mayor vinculaci\u00f3n entre los acuerdos de los presidentes de c\u00e1maras en el consejo directivo que permita una mejor comunicaci\u00f3n, apoyo y seguimiento en los trabajos acordados para las diferentes comisiones FIIC.<\/p>\n\n\n\n<p><strong>Segundo<\/strong> : Conocer e identificar tama\u00f1o, aportes, necesidades y otras caracter\u00edsticas de cada c\u00e1mara para establecer las acciones a tomar que permitan a trav\u00e9s del intercambio de las buenas pr\u00e1cticas de las c\u00e1maras miembros FIIC, apoyar de acuerdo a las condiciones de cada una el crecimiento de las mismas.<\/p>\n\n\n\n<div class=\"wp-block-qubely-heading qubely-block-042355\"><div class=\"qubely-block-heading\"><div class=\"qubely-heading-container\"><h2 class=\"qubely-heading-selector\">Integrantes<\/h2><\/div><\/div><\/div>\n\n\n\n<figure class=\"wp-block-table\"><table><thead><tr><th>Pa\u00eds<\/th><th>Cargo<\/th><th>Titular<\/th><\/tr><\/thead><tbody><tr><td>M\u00e9xico <\/td><td>Coordinador<\/td><td>Mtro. Oscar Gasca<\/td><\/tr><tr><td>Costa Rica<\/td><td>Participante<\/td><td>Lic. Randall Murillo &#8211; Director Ejecutivo<\/td><\/tr><tr><td>Chile<\/td><td>Colaborador<\/td><td>Alexis Hardensen<\/td><\/tr><tr><td>M\u00e9xico<\/td><td>Colaborador<\/td><td>C.P. Liliana Alfaro &#8211; Directora Operativa<\/td><\/tr><tr><td>Per\u00fa<\/td><td>Colaborador<\/td><td>Guido Javier Valdivia Rodr\u00edguez &#8211; Director<br>Ing. Jorge Arevalo &#8211; Gerente General<\/td><\/tr><tr><td>Uruguay<\/td><td>Colaborador<\/td><td>Ing. Jorge Pazos &#8211; Director<\/td><\/tr><tr><td>Bolivia<\/td><td>Participante<\/td><td>Lic. Lissett Daza<\/td><\/tr><tr><td>Brasil<\/td><td>Participante<\/td><td>Ing. Murillo Allevato<\/td><\/tr><tr><td>Colombia<br>CAMACOL<\/td><td>Participante <\/td><td>Karen Hern\u00e1ndez<\/td><\/tr><tr><td>Rep. Dominicana<\/td><td>Participante<\/td><td>Lic. Rafaelina Coste &#8211; Gerente<\/td><\/tr><tr><td>Guatemala<\/td><td>Participante<\/td><td>Jos\u00e9 Fernando Orellana<\/td><\/tr><tr><td>Honduras<\/td><td>Participante<\/td><td>Ing. Silvio Larios &#8211; Gerente General<\/td><\/tr><tr><td>Panam\u00e1<\/td><td>Participante<\/td><td>Lic. Mailym Palma &#8211; Directora de Informaci\u00f3n y Relaciones P\u00fablicas Antonio Docabo, Director General<\/td><\/tr><tr><td>Paraguay<\/td><td>Participante<\/td><td>Lic. Armando Cano<br>Gerente General<\/td><\/tr><tr><td>Venezuela<\/td><td>Participante<\/td><td>Ing. Carol Guevara &#8211; Directora Ejecutiva<\/td><\/tr><tr><td>Ecuador<\/td><td>Participante<\/td><td>Ing. Manuel Esperanza<\/td><\/tr><tr><td>El Salvador<\/td><td>Participante<\/td><td>Ing. Jos\u00e9 Antonio Velasquez<br><\/td><\/tr><\/tbody><\/table><\/figure>\n<\/div><\/div>\n\n\n\n<div class=\"wp-block-qubely-column qubely-column qubely-column-front qubely-block-21a4ac\"><div class=\"qubely-column-inner\">\n<div class=\"wp-block-qubely-text qubely-block-66d4c7\"><div class=\"qubely-block-text\"><div class=\"qubely-block-text-title-container  qubely-separator-position-top\"><div class=\"qubely-block-text-title-inner\"><h2 class=\"qubely-block-text-title\">Informaci\u00f3n de contacto<\/h2><\/div><\/div><p>La comisi\u00f3n es presidida por la C\u00e1mara Mexicana de la Industria de la Construcci\u00f3n. <\/p><\/div><\/div>\n<\/div><\/div>\n<\/div><\/div><\/div>","protected":false},"excerpt":{"rendered":"","protected":false},"author":1,"featured_media":4792,"parent":1268,"menu_order":0,"comment_status":"closed","ping_status":"closed","template":"","meta":{"qubely_global_settings":"","qubely_interactions":""},"blocksy_meta":{"styles_descriptor":{"styles":{"desktop":"[data-prefix=\"single_page\"] .entry-header .page-title {--fontSize:36px;--heading-color:var(--paletteColor8);} [data-prefix=\"single_page\"] .entry-header .entry-meta {--fontWeight:600;--textTransform:uppercase;--fontSize:12px;--lineHeight:1.3;} [data-prefix=\"single_page\"] .hero-section[data-type=\"type-2\"] {--alignment:left;--min-height:400px;background-color:var(--paletteColor6);background-image:none;--container-padding:50px 0;} [data-prefix=\"single_page\"] .hero-section[data-type=\"type-2\"] > figure .ct-image-container:after {background-color:rgba(26, 35, 54, 0.5);}","tablet":"","mobile":"[data-prefix=\"single_page\"] .entry-header .page-title {--fontSize:28px;} [data-prefix=\"single_page\"] .hero-section[data-type=\"type-2\"] {--min-height:250px;}"},"google_fonts":{"Mulish":["n4","n6"]},"version":5},"page_title_panel":"","has_hero_section":"enabled","731ae861eceb49b758f25f7fcfb967a5":"","hero_section":"type-2","hero_elements":[{"id":"custom_title","enabled":true,"heading_tag":"h1","title":"Inicio","__id":"TS2aMXLgHcraZN3bROsHx"},{"id":"custom_description","enabled":false,"description_visibility":{"desktop":true,"tablet":true,"mobile":false},"__id":"ZUMQpynJJCI1QkynGm81s"},{"id":"custom_meta","enabled":false,"meta_elements":[{"id":"author","enabled":true,"label":"Por","has_author_avatar":"yes","avatar_size":25},{"id":"post_date","enabled":true,"label":"El","date_format_source":"default","date_format":"M j, Y"},{"id":"updated_date","enabled":false,"label":"El","date_format_source":"default","date_format":"M j, Y"},{"id":"categories","enabled":false,"label":"Dentro","style":"simple"},{"id":"comments","enabled":true}],"page_meta_elements":{"joined":true,"articles_count":true,"comments":true},"__id":"2-8ngUIyoAW55sLOdmJsx"},{"id":"breadcrumbs","enabled":false,"__id":"JibxerGdwXElwNGrHWkGW"}],"df52f8c37a655ee40d45735ca1895ef0":"","hero_alignment1":"CT_CSS_SKIP_RULE","hero_margin":40,"hero_alignment2":{"desktop":"left","tablet":"left","mobile":"left","__changed":[]},"hero_vertical_alignment":"center","bb6a46dc2ab54735ca95f257c3ab9d2e":"","hero_structure":"normal","eb60524360c6686a81d3ce18dcb9692f":"","page_title_bg_type":"featured_image","custom_hero_background":{"attachment_id":null},"page_title_image_size":"full","parallax":{"desktop":false,"tablet":false,"mobile":false},"8d90a51ce123acb6fa126d219d04d546":"","hero_height":{"desktop":"400px","tablet":"400px","mobile":"250px","__changed":["mobile"]},"pageTitleFont":{"family":"Default","variation":"Default","size":{"desktop":"36px","tablet":"36px","mobile":"28px","__changed":["mobile"]},"line-height":"CT_CSS_SKIP_RULE","letter-spacing":"CT_CSS_SKIP_RULE","text-transform":"CT_CSS_SKIP_RULE","text-decoration":"CT_CSS_SKIP_RULE"},"pageTitleFontColor":{"default":{"color":"var(--paletteColor8)"}},"pageMetaFont":{"family":"Default","variation":"n6","size":"12px","line-height":"1.3","letter-spacing":"CT_CSS_SKIP_RULE","text-transform":"uppercase","text-decoration":"CT_CSS_SKIP_RULE"},"pageMetaFontColor":{"default":{"color":"CT_CSS_SKIP_RULEDEFAULT"},"hover":{"color":"CT_CSS_SKIP_RULEDEFAULT"}},"page_meta_button_type_font_colors":{"default":{"color":"CT_CSS_SKIP_RULEDEFAULT"},"hover":{"color":"CT_CSS_SKIP_RULEDEFAULT"}},"page_meta_button_type_background_colors":{"default":{"color":"CT_CSS_SKIP_RULEDEFAULT"},"hover":{"color":"CT_CSS_SKIP_RULEDEFAULT"}},"pageExcerptFont":{"family":"Default","variation":"Default","size":"CT_CSS_SKIP_RULE","line-height":"CT_CSS_SKIP_RULE","letter-spacing":"CT_CSS_SKIP_RULE","text-transform":"CT_CSS_SKIP_RULE","text-decoration":"CT_CSS_SKIP_RULE"},"pageExcerptColor":{"default":{"color":"CT_CSS_SKIP_RULEDEFAULT"}},"breadcrumbsFont":{"family":"Default","variation":"Default","size":"CT_CSS_SKIP_RULE","line-height":"CT_CSS_SKIP_RULE","letter-spacing":"CT_CSS_SKIP_RULE","text-transform":"CT_CSS_SKIP_RULE","text-decoration":"CT_CSS_SKIP_RULE"},"breadcrumbsFontColor":{"default":{"color":"CT_CSS_SKIP_RULEDEFAULT"},"initial":{"color":"CT_CSS_SKIP_RULEDEFAULT"},"hover":{"color":"CT_CSS_SKIP_RULEDEFAULT"}},"acf_field_hero_elements":"","typography":{"family":"Default","variation":"Default","size":"CT_CSS_SKIP_RULE","line-height":"CT_CSS_SKIP_RULE","letter-spacing":"CT_CSS_SKIP_RULE","text-transform":"CT_CSS_SKIP_RULE","text-decoration":"CT_CSS_SKIP_RULE"},"color":{"default":{"color":"CT_CSS_SKIP_RULEDEFAULT"},"hover":{"color":"CT_CSS_SKIP_RULEDEFAULT"}},"metabox_field_hero_elements":"","toolset_field_hero_elements":"","jetengine_field_hero_elements":"","custom_field_hero_elements":"","pageTitleOverlay":{"background_type":"color","background_pattern":"type-1","background_image":{"attachment_id":null,"x":0,"y":0},"gradient":"linear-gradient(135deg,rgba(6,147,227,1) 0%,rgb(155,81,224) 100%)","background_repeat":"repeat","background_size":"auto","background_attachment":"scroll","patternColor":{"default":{"color":"#e5e7ea"}},"overlayColor":{"default":{"color":"CT_CSS_SKIP_RULE"}},"backgroundColor":{"default":{"color":"rgba(26, 35, 54, 0.5)"}}},"pageTitleBackground":{"background_type":"color","background_pattern":"type-1","background_image":{"attachment_id":null,"x":0,"y":0},"gradient":"linear-gradient(135deg,rgba(6,147,227,1) 0%,rgb(155,81,224) 100%)","background_repeat":"repeat","background_size":"auto","background_attachment":"scroll","patternColor":{"default":{"color":"#e5e7ea"}},"overlayColor":{"default":{"color":"CT_CSS_SKIP_RULE"}},"backgroundColor":{"default":{"color":"var(--paletteColor6)"}}},"pageTitlePadding":{"top":"50px","bottom":"50px","left":"auto","right":"auto","linked":true},"690e26e5c307cb06caaa454c15894f87":"","page_structure_type":"default","559c2c9d60dc92362dac6775f13f4d1d":"","content_style_source":"inherit","content_style":"wide","vertical_spacing_source":"inherit","content_area_spacing":"both","background":{"background_type":"color","background_pattern":"type-1","background_image":{"attachment_id":null,"x":0,"y":0},"gradient":"linear-gradient(135deg,rgba(6,147,227,1) 0%,rgb(155,81,224) 100%)","background_repeat":"repeat","background_size":"auto","background_attachment":"scroll","patternColor":{"default":{"color":"#e5e7ea"}},"overlayColor":{"default":{"color":"CT_CSS_SKIP_RULE"}},"backgroundColor":{"default":{"color":"CT_CSS_SKIP_RULE"}}},"content_background":{"background_type":"color","background_pattern":"type-1","background_image":{"attachment_id":null,"x":0,"y":0},"gradient":"linear-gradient(135deg,rgba(6,147,227,1) 0%,rgb(155,81,224) 100%)","background_repeat":"repeat","background_size":"auto","background_attachment":"scroll","patternColor":{"default":{"color":"#e5e7ea"}},"overlayColor":{"default":{"color":"CT_CSS_SKIP_RULE"}},"backgroundColor":{"default":{"color":"var(--paletteColor8)"}}},"content_boxed_shadow":{"inherit":false,"blur":18,"spread":-6,"v_offset":12,"h_offset":0,"inset":false,"enable":true,"color":{"color":"rgba(34, 56, 101, 0.04)"}},"content_boxed_border":{"width":1,"style":"none","color":{"color":"rgba(44,62,80,0.2)"}},"content_boxed_radius":{"top":"3px","bottom":"3px","left":"3px","right":"3px","linked":true},"boxed_content_spacing":{"desktop":{"top":"40px","bottom":"40px","left":"40px","right":"40px","linked":true},"tablet":{"top":"35px","bottom":"35px","left":"35px","right":"35px","linked":true},"mobile":{"top":"20px","bottom":"20px","left":"20px","right":"20px","linked":true}},"60873e5446bbae52ebc1e24b418a8f88":"","disable_featured_image":"no","disable_share_box":"no","disable_header":"no","disable_footer":"no","a0c6426d2bcf5f088e35b98883f046d8":"","header_footer_scripts_panel":"","header_scripts":"","6f5fb89ab2a4cd438cfcf08709e5a3d2":"","header_after_body_scripts":"","2f05f565d57a11e92deffc54c46a1994":"","footer_scripts":""},"_links":{"self":[{"href":"https:\/\/fiic.lat\/en\/wp-json\/wp\/v2\/pages\/1789"}],"collection":[{"href":"https:\/\/fiic.lat\/en\/wp-json\/wp\/v2\/pages"}],"about":[{"href":"https:\/\/fiic.lat\/en\/wp-json\/wp\/v2\/types\/page"}],"author":[{"embeddable":true,"href":"https:\/\/fiic.lat\/en\/wp-json\/wp\/v2\/users\/1"}],"replies":[{"embeddable":true,"href":"https:\/\/fiic.lat\/en\/wp-json\/wp\/v2\/comments?post=1789"}],"version-history":[{"count":39,"href":"https:\/\/fiic.lat\/en\/wp-json\/wp\/v2\/pages\/1789\/revisions"}],"predecessor-version":[{"id":4879,"href":"https:\/\/fiic.lat\/en\/wp-json\/wp\/v2\/pages\/1789\/revisions\/4879"}],"up":[{"embeddable":true,"href":"https:\/\/fiic.lat\/en\/wp-json\/wp\/v2\/pages\/1268"}],"wp:featuredmedia":[{"embeddable":true,"href":"https:\/\/fiic.lat\/en\/wp-json\/wp\/v2\/media\/4792"}],"wp:attachment":[{"href":"https:\/\/fiic.lat\/en\/wp-json\/wp\/v2\/media?parent=1789"}],"curies":[{"name":"wp","href":"https:\/\/api.w.org\/{rel}","templated":true}]}}