{"id":1786,"date":"2022-11-21T12:16:06","date_gmt":"2022-11-21T11:16:06","guid":{"rendered":"https:\/\/fiic.lat\/?page_id=1786"},"modified":"2024-08-22T21:01:29","modified_gmt":"2024-08-22T19:01:29","slug":"comision-desarrollo-urbano-y-vivienda","status":"publish","type":"page","link":"https:\/\/fiic.lat\/en\/comisiones\/comision-desarrollo-urbano-y-vivienda\/","title":{"rendered":"Comisi\u00f3n Desarrollo Urbano y Vivienda"},"content":{"rendered":"<div class=\"wp-block-qubely-row alignfull qubely-section qubely-block-f7c798\"><div class=\"qubely-row-overlay\"><\/div><div class=\"qubely-container\"><div class=\"qubely-row\">\n<div class=\"wp-block-qubely-column qubely-column qubely-column-front qubely-block-bd83e4\"><div class=\"qubely-column-inner\">\n<div class=\"wp-block-qubely-heading qubely-block-6e86c2\"><div class=\"qubely-block-heading\"><div class=\"qubely-heading-container\"><h2 class=\"qubely-heading-selector\">Objetivos<\/h2><\/div><\/div><\/div>\n\n\n\n<p><strong>Primero<\/strong> : Realizar un estudio comparado de los modelos de pol\u00edtica de vivienda empleados en Am\u00e9rica Latina.<\/p>\n\n\n\n<p><strong>Segundo<\/strong> : Constituir una base de datos comparativa con informaci\u00f3n de precios costos y actividad.&nbsp;<\/p>\n\n\n\n<p><strong>Tercero<\/strong> : Compilar y divulgar los reglamentos t\u00e9cnicos y c\u00f3digos de construcci\u00f3n aplicables entre los pa\u00edses miembros este punto est\u00e1 m\u00e1s amarrado al tema de sostenibilidad.&nbsp;<\/p>\n\n\n\n<p><strong>Cuarto<\/strong> : Crear oportunidades de negocio entre los afiliados conformando un banco de proyectos, insumos y licitaci\u00f3n.<\/p>\n\n\n\n<p><\/p>\n\n\n\n<div class=\"qubely-block-accordion  qubely-block-6ee197\" data-item-toggle=\"true\">\n<div class=\"wp-block-qubely-accordion-item qubely-block-452740\"><div class=\"qubely-accordion-item qubely-type-fill qubely-accordion-active\"><div class=\"qubely-accordion-panel qubely-icon-position-right\"><span class=\"qubely-accordion-panel-handler\" role=\"button\"><span class=\"qubely-accordion-panel-handler-label\">(EDGE) <br> El \u00e9xito de la certificaci\u00f3n en Colombia 2017 -2024. <\/span><span class=\"qubely-accordion-icon fa fa-plus\"><\/span><\/span><\/div><div class=\"qubely-accordion-body\" style=\"display:block\"><div itemprop=\"text\">\n<div class=\"wp-block-file\"><a id=\"wp-block-file--media-5826a7ad-e9d4-4e0a-9428-81b9ae2a656f\" href=\"https:\/\/fiic.lat\/wp-content\/uploads\/2024\/05\/230424_PYR_EDGE_2024_FIIC.pdf\">230424_PYR_EDGE_2024_FIIC<\/a><\/div>\n\n\n\n<div class=\"qubely-block-accordion  qubely-block-a9cbad\" data-item-toggle=\"true\">\n<div class=\"wp-block-qubely-accordion-item qubely-block-a8fc5b\"><div class=\"qubely-accordion-item qubely-type-fill qubely-accordion-active\"><div class=\"qubely-accordion-panel qubely-icon-position-right\"><span class=\"qubely-accordion-panel-handler\" role=\"button\"><span class=\"qubely-accordion-panel-handler-label\">Charla EDGE &#8211; Comisi\u00f3n Desarrollo Urbano y Vivienda &#8211; FIIC<\/span><span class=\"qubely-accordion-icon fa fa-plus\"><\/span><\/span><\/div><div class=\"qubely-accordion-body\" style=\"display:block\"><div itemprop=\"text\">\n<p><a href=\"https:\/\/cmicorg-my.sharepoint.com\/:v:\/g\/personal\/victor_lopez_cmic_org\/EdoVPhlTzatCpqqaCoFY8oQBQFoaFbb2ZL4H2X8Pn-_3Zg?e=rwJj87\" target=\"_blank\" rel=\"noopener\">https:\/\/cmicorg-my.sharepoint.com\/:v:\/g\/personal\/victor_lopez_cmic_org\/EdoVPhlTzatCpqqaCoFY8oQBQFoaFbb2ZL4H2X8Pn-_3Zg?e=rwJj87<\/a><\/p>\n<\/div><\/div><\/div><\/div>\n<\/div>\n<\/div><\/div><\/div><\/div>\n<\/div>\n\n\n\n<div class=\"wp-block-qubely-heading qubely-block-675e52\"><div class=\"qubely-block-heading\"><div class=\"qubely-heading-container\"><h2 class=\"qubely-heading-selector\">Integrantes<\/h2><\/div><\/div><\/div>\n\n\n\n<figure class=\"wp-block-table\"><table><thead><tr><th>Pa\u00eds<\/th><th>Cargo<\/th><th>Titular<\/th><th>Responsable operativo<\/th><\/tr><\/thead><tbody><tr><td>Colombia (CAMACOL)<\/td><td>Coordinador<\/td><td>Guillermo Herrera Casta\u00f1o<\/td><td>Ivonne C\u00e1rdenas<\/td><\/tr><tr><td>Bolivia<\/td><td>Colaborador<\/td><td>Lissette Daza Sequeiros<\/td><td>Jos\u00e9 Pedro Ure\u00f1a Fern\u00e1ndez<\/td><\/tr><tr><td>Per\u00fa<\/td><td>Colaborador <\/td><td>Jorge Alberto Zapata R\u00edos<\/td><td>Ing. Guido Valdivia (Per\u00fa)<\/td><\/tr><tr><td>M\u00e9xico<\/td><td>Colaborador <\/td><td>Ing. Juan Francisco Berm\u00fadez Rojas<\/td><td>Arq. Alejandro Reyes<\/td><\/tr><tr><td>Venezuela<\/td><td>Colaborador<\/td><td>Ing. Jaime G\u00f3mez&nbsp;<\/td><td>Ing. Carol Guevara<\/td><\/tr><tr><td>Argentina<\/td><td>Colaborador<\/td><td>Ing. Gustavo Weiss<\/td><td>Ing. Daniel Galilea<br>Cecilia Cavedo<\/td><\/tr><tr><td>Chile<\/td><td>Colaborador<\/td><td>Ing. Juan Armando Vicu\u00f1a<\/td><td>Ing. Juan Ignacio Silva<\/td><\/tr><tr><td>Panam\u00e1<\/td><td>Participante<\/td><td>Ing. Gast\u00f3n Regis<\/td><td>Arq. Luis Sosa<\/td><\/tr><tr><td>Brasil<\/td><td>Participante<\/td><td>Renato de Sousa<\/td><td>Kleber Luiz Recalde<\/td><\/tr><tr><td>El Salvador<\/td><td>Participante<\/td><td>Ing. Jos\u00e9 Velasquez<\/td><td><\/td><\/tr><tr><td>Guatemala<\/td><td>Participante<\/td><td>Ing. Luis Castellanos<\/td><td>Lic. Jos\u00e9 Fernando Orellana<br>Carlos Padilla<\/td><\/tr><tr><td>Uruguay<\/td><td>Participante<\/td><td>Ing. Marcos Taranto<\/td><td>Ing. Jorge Pazos<\/td><\/tr><tr><td>Costa Rica<\/td><td>Participante <\/td><td>Ing. Alberto Bonilla<\/td><td>Kattia Madrigal<\/td><\/tr><tr><td>Paraguay<\/td><td>Participante<\/td><td>Ing. Guillermo Mas-Duarte<\/td><td>Ing. Jorge Gavilan<br>Ing. Luis B\u00f3veda<\/td><\/tr><\/tbody><\/table><\/figure>\n<\/div><\/div>\n\n\n\n<div class=\"wp-block-qubely-column qubely-column qubely-column-front qubely-block-6f29f2\"><div class=\"qubely-column-inner\">\n<div class=\"wp-block-qubely-image qubely-block-25d64d\"><div class=\"qubely-block-image  qubely-image-layout-simple\"><div class=\"qubely-image-media qubely-vertical-alignment-center qubely-horizontal-alignment-center\"><figure><div class=\"qubely-image-container\"><img decoding=\"async\" class=\"qubely-image-image\" src=\"https:\/\/fiic.lat\/wp-content\/uploads\/2022\/11\/Bandera-Colombia.jpg\" alt=\"\"\/><\/div><\/figure><\/div><\/div><\/div>\n\n\n\n<div class=\"wp-block-qubely-text qubely-block-ae3991\"><div class=\"qubely-block-text\"><div class=\"qubely-block-text-title-container  qubely-separator-position-top\"><div class=\"qubely-block-text-title-inner\"><h2 class=\"qubely-block-text-title\">Informaci\u00f3n de contacto<\/h2><\/div><\/div><p>La comisi\u00f3n es presidida por la C\u00e1mara Colombiana de la Construcci\u00f3n<\/p><\/div><\/div>\n<\/div><\/div>\n\n\n\n<div class=\"wp-block-qubely-column qubely-column qubely-column-front qubely-block-1e34bd\"><div class=\"qubely-column-inner\"><\/div><\/div>\n<\/div><\/div><\/div>","protected":false},"excerpt":{"rendered":"","protected":false},"author":1,"featured_media":2744,"parent":1268,"menu_order":0,"comment_status":"closed","ping_status":"closed","template":"","meta":{"qubely_global_settings":"","qubely_interactions":""},"blocksy_meta":{"styles_descriptor":{"styles":{"desktop":"[data-prefix=\"single_page\"] .entry-header .page-title {--fontSize:36px;--heading-color:var(--paletteColor8);} [data-prefix=\"single_page\"] .entry-header .entry-meta {--fontWeight:600;--textTransform:uppercase;--fontSize:12px;--lineHeight:1.3;} [data-prefix=\"single_page\"] .hero-section[data-type=\"type-2\"] {--alignment:left;--min-height:400px;background-color:var(--paletteColor6);background-image:none;--container-padding:50px 0;} [data-prefix=\"single_page\"] .hero-section[data-type=\"type-2\"] > figure .ct-image-container:after {background-color:rgba(26, 35, 54, 0.5);}","tablet":"","mobile":"[data-prefix=\"single_page\"] .entry-header .page-title {--fontSize:28px;} [data-prefix=\"single_page\"] .hero-section[data-type=\"type-2\"] {--min-height:250px;}"},"google_fonts":{"Mulish":["n4","n6"]},"version":5},"page_title_panel":"","has_hero_section":"enabled","6d9f63b98dcde68f2cd1fdfd14badc70":"","hero_section":"type-2","hero_elements":[{"id":"custom_title","enabled":true,"heading_tag":"h1","title":"Inicio","__id":"Hho78HNEh_z4EelsUYi-a"},{"id":"custom_description","enabled":false,"description_visibility":{"desktop":true,"tablet":true,"mobile":false},"__id":"1bb7BUD7xg-cnQ79G5o5r"},{"id":"custom_meta","enabled":false,"meta_elements":[{"id":"author","enabled":true,"label":"Por","has_author_avatar":"yes","avatar_size":25},{"id":"post_date","enabled":true,"label":"El","date_format_source":"default","date_format":"M j, Y"},{"id":"updated_date","enabled":false,"label":"El","date_format_source":"default","date_format":"M j, Y"},{"id":"categories","enabled":false,"label":"Dentro","style":"simple"},{"id":"comments","enabled":true}],"page_meta_elements":{"joined":true,"articles_count":true,"comments":true},"__id":"9ARCpLXvFTWIQuT7c35Ti"},{"id":"breadcrumbs","enabled":false,"__id":"QaBnH1x2Tk8paV8Ru9_3m"}],"de4961df07a62a9413de56cd952d5d6d":"","hero_alignment1":"CT_CSS_SKIP_RULE","hero_margin":40,"hero_alignment2":{"desktop":"left","tablet":"left","mobile":"left","__changed":[]},"hero_vertical_alignment":"center","9ed50bce89f0fedc8b53b8bdc8cedc9d":"","hero_structure":"normal","784514beec6b69db21293b53961b4212":"","page_title_bg_type":"featured_image","custom_hero_background":{"attachment_id":null},"page_title_image_size":"full","parallax":{"desktop":false,"tablet":false,"mobile":false},"7b9fa00058996cc265b2187e686b951e":"","hero_height":{"desktop":"400px","tablet":"400px","mobile":"250px","__changed":["mobile"]},"pageTitleFont":{"family":"Default","variation":"Default","size":{"desktop":"36px","tablet":"36px","mobile":"28px","__changed":["mobile"]},"line-height":"CT_CSS_SKIP_RULE","letter-spacing":"CT_CSS_SKIP_RULE","text-transform":"CT_CSS_SKIP_RULE","text-decoration":"CT_CSS_SKIP_RULE"},"pageTitleFontColor":{"default":{"color":"var(--paletteColor8)"}},"pageMetaFont":{"family":"Default","variation":"n6","size":"12px","line-height":"1.3","letter-spacing":"CT_CSS_SKIP_RULE","text-transform":"uppercase","text-decoration":"CT_CSS_SKIP_RULE"},"pageMetaFontColor":{"default":{"color":"CT_CSS_SKIP_RULEDEFAULT"},"hover":{"color":"CT_CSS_SKIP_RULEDEFAULT"}},"page_meta_button_type_font_colors":{"default":{"color":"CT_CSS_SKIP_RULEDEFAULT"},"hover":{"color":"CT_CSS_SKIP_RULEDEFAULT"}},"page_meta_button_type_background_colors":{"default":{"color":"CT_CSS_SKIP_RULEDEFAULT"},"hover":{"color":"CT_CSS_SKIP_RULEDEFAULT"}},"pageExcerptFont":{"family":"Default","variation":"Default","size":"CT_CSS_SKIP_RULE","line-height":"CT_CSS_SKIP_RULE","letter-spacing":"CT_CSS_SKIP_RULE","text-transform":"CT_CSS_SKIP_RULE","text-decoration":"CT_CSS_SKIP_RULE"},"pageExcerptColor":{"default":{"color":"CT_CSS_SKIP_RULEDEFAULT"}},"breadcrumbsFont":{"family":"Default","variation":"Default","size":"CT_CSS_SKIP_RULE","line-height":"CT_CSS_SKIP_RULE","letter-spacing":"CT_CSS_SKIP_RULE","text-transform":"CT_CSS_SKIP_RULE","text-decoration":"CT_CSS_SKIP_RULE"},"breadcrumbsFontColor":{"default":{"color":"CT_CSS_SKIP_RULEDEFAULT"},"initial":{"color":"CT_CSS_SKIP_RULEDEFAULT"},"hover":{"color":"CT_CSS_SKIP_RULEDEFAULT"}},"acf_field_hero_elements":"","typography":{"family":"Default","variation":"Default","size":"CT_CSS_SKIP_RULE","line-height":"CT_CSS_SKIP_RULE","letter-spacing":"CT_CSS_SKIP_RULE","text-transform":"CT_CSS_SKIP_RULE","text-decoration":"CT_CSS_SKIP_RULE"},"color":{"default":{"color":"CT_CSS_SKIP_RULEDEFAULT"},"hover":{"color":"CT_CSS_SKIP_RULEDEFAULT"}},"metabox_field_hero_elements":"","toolset_field_hero_elements":"","jetengine_field_hero_elements":"","custom_field_hero_elements":"","pageTitleOverlay":{"background_type":"color","background_pattern":"type-1","background_image":{"attachment_id":null,"x":0,"y":0},"gradient":"linear-gradient(135deg,rgba(6,147,227,1) 0%,rgb(155,81,224) 100%)","background_repeat":"repeat","background_size":"auto","background_attachment":"scroll","patternColor":{"default":{"color":"#e5e7ea"}},"overlayColor":{"default":{"color":"CT_CSS_SKIP_RULE"}},"backgroundColor":{"default":{"color":"rgba(26, 35, 54, 0.5)"}}},"pageTitleBackground":{"background_type":"color","background_pattern":"type-1","background_image":{"attachment_id":null,"x":0,"y":0},"gradient":"linear-gradient(135deg,rgba(6,147,227,1) 0%,rgb(155,81,224) 100%)","background_repeat":"repeat","background_size":"auto","background_attachment":"scroll","patternColor":{"default":{"color":"#e5e7ea"}},"overlayColor":{"default":{"color":"CT_CSS_SKIP_RULE"}},"backgroundColor":{"default":{"color":"var(--paletteColor6)"}}},"pageTitlePadding":{"top":"50px","bottom":"50px","left":"auto","right":"auto","linked":true},"7979839113c9f280a2c20f9fdabe9c28":"","page_structure_type":"default","057d3eae6bbec706347a90a00a7f114e":"","content_style_source":"inherit","content_style":"wide","vertical_spacing_source":"inherit","content_area_spacing":"both","background":{"background_type":"color","background_pattern":"type-1","background_image":{"attachment_id":null,"x":0,"y":0},"gradient":"linear-gradient(135deg,rgba(6,147,227,1) 0%,rgb(155,81,224) 100%)","background_repeat":"repeat","background_size":"auto","background_attachment":"scroll","patternColor":{"default":{"color":"#e5e7ea"}},"overlayColor":{"default":{"color":"CT_CSS_SKIP_RULE"}},"backgroundColor":{"default":{"color":"CT_CSS_SKIP_RULE"}}},"content_background":{"background_type":"color","background_pattern":"type-1","background_image":{"attachment_id":null,"x":0,"y":0},"gradient":"linear-gradient(135deg,rgba(6,147,227,1) 0%,rgb(155,81,224) 100%)","background_repeat":"repeat","background_size":"auto","background_attachment":"scroll","patternColor":{"default":{"color":"#e5e7ea"}},"overlayColor":{"default":{"color":"CT_CSS_SKIP_RULE"}},"backgroundColor":{"default":{"color":"var(--paletteColor8)"}}},"content_boxed_shadow":{"inherit":false,"blur":18,"spread":-6,"v_offset":12,"h_offset":0,"inset":false,"enable":true,"color":{"color":"rgba(34, 56, 101, 0.04)"}},"content_boxed_border":{"width":1,"style":"none","color":{"color":"rgba(44,62,80,0.2)"}},"content_boxed_radius":{"top":"3px","bottom":"3px","left":"3px","right":"3px","linked":true},"boxed_content_spacing":{"desktop":{"top":"40px","bottom":"40px","left":"40px","right":"40px","linked":true},"tablet":{"top":"35px","bottom":"35px","left":"35px","right":"35px","linked":true},"mobile":{"top":"20px","bottom":"20px","left":"20px","right":"20px","linked":true}},"1f432a40ff6758b74927898cfcb63b0f":"","disable_featured_image":"no","disable_share_box":"no","disable_header":"no","disable_footer":"no","940bbd0f6d5628b4778cb59206eadf86":"","header_footer_scripts_panel":"","header_scripts":"","f3aa1614ee470fdfccfd146192183ec3":"","header_after_body_scripts":"","4f1f7e2714ae15c4e13d316025641809":"","footer_scripts":""},"_links":{"self":[{"href":"https:\/\/fiic.lat\/en\/wp-json\/wp\/v2\/pages\/1786"}],"collection":[{"href":"https:\/\/fiic.lat\/en\/wp-json\/wp\/v2\/pages"}],"about":[{"href":"https:\/\/fiic.lat\/en\/wp-json\/wp\/v2\/types\/page"}],"author":[{"embeddable":true,"href":"https:\/\/fiic.lat\/en\/wp-json\/wp\/v2\/users\/1"}],"replies":[{"embeddable":true,"href":"https:\/\/fiic.lat\/en\/wp-json\/wp\/v2\/comments?post=1786"}],"version-history":[{"count":47,"href":"https:\/\/fiic.lat\/en\/wp-json\/wp\/v2\/pages\/1786\/revisions"}],"predecessor-version":[{"id":4280,"href":"https:\/\/fiic.lat\/en\/wp-json\/wp\/v2\/pages\/1786\/revisions\/4280"}],"up":[{"embeddable":true,"href":"https:\/\/fiic.lat\/en\/wp-json\/wp\/v2\/pages\/1268"}],"wp:featuredmedia":[{"embeddable":true,"href":"https:\/\/fiic.lat\/en\/wp-json\/wp\/v2\/media\/2744"}],"wp:attachment":[{"href":"https:\/\/fiic.lat\/en\/wp-json\/wp\/v2\/media?parent=1786"}],"curies":[{"name":"wp","href":"https:\/\/api.w.org\/{rel}","templated":true}]}}