{"id":1276,"date":"2022-11-13T14:30:35","date_gmt":"2022-11-13T13:30:35","guid":{"rendered":"https:\/\/fiic.lat\/?page_id=1276"},"modified":"2026-03-05T20:01:19","modified_gmt":"2026-03-05T19:01:19","slug":"comision-responsabilidad-social-empresarial","status":"publish","type":"page","link":"https:\/\/fiic.lat\/en\/comisiones\/comision-responsabilidad-social-empresarial\/","title":{"rendered":"Comisi\u00f3n RSE"},"content":{"rendered":"<div class=\"wp-block-qubely-row alignfull qubely-section qubely-block-442553\"><div class=\"qubely-row-overlay\"><\/div><div class=\"qubely-container\"><div class=\"qubely-row\">\n<div class=\"wp-block-qubely-column qubely-column qubely-column-front qubely-block-9f3dc9\"><div class=\"qubely-column-inner\">\n<div class=\"wp-block-qubely-heading qubely-block-b8b2ed\"><div class=\"qubely-block-heading\"><div class=\"qubely-heading-container\"><h2 class=\"qubely-heading-selector\">Objetivos<\/h2><\/div><\/div><\/div>\n\n\n\n<p>El objeto de la comisi\u00f3n es estudiar la forma de difundir el tema de la Responsabilidad Social, promover que se adopte en cada uno de los pa\u00edses miembros, a trav\u00e9s de sus respectivos asociados y buscar reconocer a quienes lo hacen.<\/p>\n\n\n\n<div class=\"wp-block-qubely-heading qubely-block-8a329f\"><div class=\"qubely-block-heading\"><div class=\"qubely-heading-container\"><h2 class=\"qubely-heading-selector\">Integrantes<\/h2><\/div><\/div><\/div>\n\n\n\n<figure class=\"wp-block-table\"><table><thead><tr><th>Pa\u00eds<\/th><th>Cargo<\/th><th>Titular<\/th><th>Responsable operativo<\/th><\/tr><\/thead><tbody><tr><td>M\u00e9xico<\/td><td>Coordinador<\/td><td>Ing. Nicolas Mariscal<\/td><td><\/td><\/tr><tr><td>Brasil<\/td><td>Colaborador <\/td><td>Murillo Allevato<\/td><td>Murillo Allevato<\/td><\/tr><tr><td>El Salvador<\/td><td>Colaborador <\/td><td>Arq. Giuseppe Angelucci<\/td><td>Ing. Jos\u00e9 Antonio Velasquez<\/td><\/tr><tr><td>M\u00e9xico<\/td><td>Colaborador <\/td><td>Ing. Nicolas Mariscal&nbsp;&nbsp;<\/td><td>Arq. Alfonso Carrillo<\/td><\/tr><tr><td>Colombia-CCI<\/td><td>Participante<\/td><td>&nbsp;Dr. Juan Mart\u00edn Caicedo<\/td><td>Adriana Jim\u00e9nez<\/td><\/tr><tr><td>Guatemala<\/td><td>Participante<\/td><td>Lic. Xavier Andrade<\/td><td>Dr. Rodolfo Mart\u00ednez<\/td><\/tr><tr><td>Honduras<\/td><td>Participante<\/td><td>Ing. Oscar Calona<\/td><td>Ing. Silvio Larios<\/td><\/tr><tr><td>Panam\u00e1<\/td><td>Participante<\/td><td>Ing. Carlos Allen<\/td><td>Ing. Andr\u00e9s Jim\u00e9nez<\/td><\/tr><tr><td>Paraguay<\/td><td>Participante<\/td><td>Ing. Daniel D\u00edaz de Vivar<\/td><td>Ing. Gabriela Mesquita<\/td><\/tr><tr><td>Uruguay<\/td><td>Participante<\/td><td>Ing. Jorge Pazos<\/td><td>Dr. Ignacio Castiglioni<\/td><\/tr><\/tbody><\/table><\/figure>\n<\/div><\/div>\n\n\n\n<div class=\"wp-block-qubely-column qubely-column qubely-column-front qubely-block-a5dfbe\"><div class=\"qubely-column-inner\">\n<div class=\"wp-block-qubely-text qubely-block-07acfb\"><div class=\"qubely-block-text\"><div class=\"qubely-block-text-title-container  qubely-separator-position-top\"><div class=\"qubely-block-text-title-inner\"><h2 class=\"qubely-block-text-title\">Coordinador<\/h2><\/div><\/div><p>C\u00e1mara Mexicana de la Industria de la Construcci\u00f3n.<br> <\/p><\/div><\/div>\n<\/div><\/div>\n<\/div><\/div><\/div>","protected":false},"excerpt":{"rendered":"","protected":false},"author":1,"featured_media":2812,"parent":1268,"menu_order":0,"comment_status":"closed","ping_status":"closed","template":"","meta":{"qubely_global_settings":"","qubely_interactions":""},"blocksy_meta":{"styles_descriptor":{"styles":{"desktop":"[data-prefix=\"single_page\"] .entry-header .page-title {--fontSize:36px;--heading-color:var(--paletteColor8);} [data-prefix=\"single_page\"] .entry-header .entry-meta {--fontWeight:600;--textTransform:uppercase;--fontSize:12px;--lineHeight:1.3;} [data-prefix=\"single_page\"] .hero-section[data-type=\"type-2\"] {--alignment:left;--min-height:400px;background-color:var(--paletteColor6);background-image:none;--container-padding:50px 0;} [data-prefix=\"single_page\"] .hero-section[data-type=\"type-2\"] > figure .ct-image-container:after {background-color:rgba(26, 35, 54, 0.5);}","tablet":"","mobile":"[data-prefix=\"single_page\"] .entry-header .page-title {--fontSize:28px;} [data-prefix=\"single_page\"] .hero-section[data-type=\"type-2\"] {--min-height:250px;}"},"google_fonts":{"Mulish":["n4","n6"]},"version":5},"page_title_panel":"","has_hero_section":"enabled","86850512d484897e35d29e1f8d44677c":"","hero_section":"type-2","hero_elements":[{"id":"custom_title","enabled":true,"heading_tag":"h1","title":"Inicio","__id":"TnBt1VqW4blIfZjR3V8Si"},{"id":"custom_description","enabled":false,"description_visibility":{"desktop":true,"tablet":true,"mobile":false},"__id":"3aAd9mcOza27ORA57lewC"},{"id":"custom_meta","enabled":false,"meta_elements":[{"id":"author","enabled":true,"label":"Por","has_author_avatar":"yes","avatar_size":25},{"id":"post_date","enabled":true,"label":"El","date_format_source":"default","date_format":"M j, Y"},{"id":"updated_date","enabled":false,"label":"El","date_format_source":"default","date_format":"M j, Y"},{"id":"categories","enabled":false,"label":"Dentro","style":"simple"},{"id":"comments","enabled":true}],"page_meta_elements":{"joined":true,"articles_count":true,"comments":true},"__id":"nQe-MpwqosCYuV6Cr80vc"},{"id":"breadcrumbs","enabled":false,"__id":"qsOVSQ4A5EKm-HfIOUUsQ"}],"a3c5802110e47e7cb83ce020bc350103":"","hero_alignment1":"CT_CSS_SKIP_RULE","hero_margin":40,"hero_alignment2":{"desktop":"left","tablet":"left","mobile":"left","__changed":[]},"hero_vertical_alignment":"center","e3e09f51b072ca7093876ce26a6d138b":"","hero_structure":"normal","cb79cf506255516298437fbd9167ada7":"","page_title_bg_type":"featured_image","custom_hero_background":{"attachment_id":null},"page_title_image_size":"full","parallax":{"desktop":false,"tablet":false,"mobile":false},"ef6c5c8aae347fe46f9b2621dae6cb71":"","hero_height":{"desktop":"400px","tablet":"400px","mobile":"250px","__changed":["mobile"]},"pageTitleFont":{"family":"Default","variation":"Default","size":{"desktop":"36px","tablet":"36px","mobile":"28px","__changed":["mobile"]},"line-height":"CT_CSS_SKIP_RULE","letter-spacing":"CT_CSS_SKIP_RULE","text-transform":"CT_CSS_SKIP_RULE","text-decoration":"CT_CSS_SKIP_RULE"},"pageTitleFontColor":{"default":{"color":"var(--paletteColor8)"}},"pageMetaFont":{"family":"Default","variation":"n6","size":"12px","line-height":"1.3","letter-spacing":"CT_CSS_SKIP_RULE","text-transform":"uppercase","text-decoration":"CT_CSS_SKIP_RULE"},"pageMetaFontColor":{"default":{"color":"CT_CSS_SKIP_RULEDEFAULT"},"hover":{"color":"CT_CSS_SKIP_RULEDEFAULT"}},"page_meta_button_type_font_colors":{"default":{"color":"CT_CSS_SKIP_RULEDEFAULT"},"hover":{"color":"CT_CSS_SKIP_RULEDEFAULT"}},"page_meta_button_type_background_colors":{"default":{"color":"CT_CSS_SKIP_RULEDEFAULT"},"hover":{"color":"CT_CSS_SKIP_RULEDEFAULT"}},"pageExcerptFont":{"family":"Default","variation":"Default","size":"CT_CSS_SKIP_RULE","line-height":"CT_CSS_SKIP_RULE","letter-spacing":"CT_CSS_SKIP_RULE","text-transform":"CT_CSS_SKIP_RULE","text-decoration":"CT_CSS_SKIP_RULE"},"pageExcerptColor":{"default":{"color":"CT_CSS_SKIP_RULEDEFAULT"}},"breadcrumbsFont":{"family":"Default","variation":"Default","size":"CT_CSS_SKIP_RULE","line-height":"CT_CSS_SKIP_RULE","letter-spacing":"CT_CSS_SKIP_RULE","text-transform":"CT_CSS_SKIP_RULE","text-decoration":"CT_CSS_SKIP_RULE"},"breadcrumbsFontColor":{"default":{"color":"CT_CSS_SKIP_RULEDEFAULT"},"initial":{"color":"CT_CSS_SKIP_RULEDEFAULT"},"hover":{"color":"CT_CSS_SKIP_RULEDEFAULT"}},"acf_field_hero_elements":"","typography":{"family":"Default","variation":"Default","size":"CT_CSS_SKIP_RULE","line-height":"CT_CSS_SKIP_RULE","letter-spacing":"CT_CSS_SKIP_RULE","text-transform":"CT_CSS_SKIP_RULE","text-decoration":"CT_CSS_SKIP_RULE"},"color":{"default":{"color":"CT_CSS_SKIP_RULEDEFAULT"},"hover":{"color":"CT_CSS_SKIP_RULEDEFAULT"}},"metabox_field_hero_elements":"","toolset_field_hero_elements":"","jetengine_field_hero_elements":"","custom_field_hero_elements":"","pageTitleOverlay":{"background_type":"color","background_pattern":"type-1","background_image":{"attachment_id":null,"x":0,"y":0},"gradient":"linear-gradient(135deg,rgba(6,147,227,1) 0%,rgb(155,81,224) 100%)","background_repeat":"repeat","background_size":"auto","background_attachment":"scroll","patternColor":{"default":{"color":"#e5e7ea"}},"overlayColor":{"default":{"color":"CT_CSS_SKIP_RULE"}},"backgroundColor":{"default":{"color":"rgba(26, 35, 54, 0.5)"}}},"pageTitleBackground":{"background_type":"color","background_pattern":"type-1","background_image":{"attachment_id":null,"x":0,"y":0},"gradient":"linear-gradient(135deg,rgba(6,147,227,1) 0%,rgb(155,81,224) 100%)","background_repeat":"repeat","background_size":"auto","background_attachment":"scroll","patternColor":{"default":{"color":"#e5e7ea"}},"overlayColor":{"default":{"color":"CT_CSS_SKIP_RULE"}},"backgroundColor":{"default":{"color":"var(--paletteColor6)"}}},"pageTitlePadding":{"top":"50px","bottom":"50px","left":"auto","right":"auto","linked":true},"e96b785feb29220f3208094703243e5e":"","page_structure_type":"default","14b6838bdd2d8ac3b6072043071591ae":"","content_style_source":"inherit","content_style":"wide","vertical_spacing_source":"inherit","content_area_spacing":"both","background":{"background_type":"color","background_pattern":"type-1","background_image":{"attachment_id":null,"x":0,"y":0},"gradient":"linear-gradient(135deg,rgba(6,147,227,1) 0%,rgb(155,81,224) 100%)","background_repeat":"repeat","background_size":"auto","background_attachment":"scroll","patternColor":{"default":{"color":"#e5e7ea"}},"overlayColor":{"default":{"color":"CT_CSS_SKIP_RULE"}},"backgroundColor":{"default":{"color":"CT_CSS_SKIP_RULE"}}},"content_background":{"background_type":"color","background_pattern":"type-1","background_image":{"attachment_id":null,"x":0,"y":0},"gradient":"linear-gradient(135deg,rgba(6,147,227,1) 0%,rgb(155,81,224) 100%)","background_repeat":"repeat","background_size":"auto","background_attachment":"scroll","patternColor":{"default":{"color":"#e5e7ea"}},"overlayColor":{"default":{"color":"CT_CSS_SKIP_RULE"}},"backgroundColor":{"default":{"color":"var(--paletteColor8)"}}},"content_boxed_shadow":{"inherit":false,"blur":18,"spread":-6,"v_offset":12,"h_offset":0,"inset":false,"enable":true,"color":{"color":"rgba(34, 56, 101, 0.04)"}},"content_boxed_border":{"width":1,"style":"none","color":{"color":"rgba(44,62,80,0.2)"}},"content_boxed_radius":{"top":"3px","bottom":"3px","left":"3px","right":"3px","linked":true},"boxed_content_spacing":{"desktop":{"top":"40px","bottom":"40px","left":"40px","right":"40px","linked":true},"tablet":{"top":"35px","bottom":"35px","left":"35px","right":"35px","linked":true},"mobile":{"top":"20px","bottom":"20px","left":"20px","right":"20px","linked":true}},"66dbde2dfa0a4655ff8a952dbf0e306a":"","disable_featured_image":"no","disable_share_box":"no","disable_header":"no","disable_footer":"no","c496dad11132b0eb2a53f350a0a4c5c1":"","header_footer_scripts_panel":"","header_scripts":"","90670acb74495f5ded5281a21ac91b70":"","header_after_body_scripts":"","996e51ad9b913599c5f054d4f4623b03":"","footer_scripts":""},"_links":{"self":[{"href":"https:\/\/fiic.lat\/en\/wp-json\/wp\/v2\/pages\/1276"}],"collection":[{"href":"https:\/\/fiic.lat\/en\/wp-json\/wp\/v2\/pages"}],"about":[{"href":"https:\/\/fiic.lat\/en\/wp-json\/wp\/v2\/types\/page"}],"author":[{"embeddable":true,"href":"https:\/\/fiic.lat\/en\/wp-json\/wp\/v2\/users\/1"}],"replies":[{"embeddable":true,"href":"https:\/\/fiic.lat\/en\/wp-json\/wp\/v2\/comments?post=1276"}],"version-history":[{"count":25,"href":"https:\/\/fiic.lat\/en\/wp-json\/wp\/v2\/pages\/1276\/revisions"}],"predecessor-version":[{"id":4880,"href":"https:\/\/fiic.lat\/en\/wp-json\/wp\/v2\/pages\/1276\/revisions\/4880"}],"up":[{"embeddable":true,"href":"https:\/\/fiic.lat\/en\/wp-json\/wp\/v2\/pages\/1268"}],"wp:featuredmedia":[{"embeddable":true,"href":"https:\/\/fiic.lat\/en\/wp-json\/wp\/v2\/media\/2812"}],"wp:attachment":[{"href":"https:\/\/fiic.lat\/en\/wp-json\/wp\/v2\/media?parent=1276"}],"curies":[{"name":"wp","href":"https:\/\/api.w.org\/{rel}","templated":true}]}}