{"id":1272,"date":"2022-11-13T14:27:53","date_gmt":"2022-11-13T13:27:53","guid":{"rendered":"https:\/\/fiic.lat\/?page_id=1272"},"modified":"2024-08-22T20:02:40","modified_gmt":"2024-08-22T18:02:40","slug":"comision-construccion-sustentable","status":"publish","type":"page","link":"https:\/\/fiic.lat\/en\/comisiones\/comision-construccion-sustentable\/","title":{"rendered":"Comisi\u00f3n Construcci\u00f3n Sustentable"},"content":{"rendered":"<div class=\"wp-block-qubely-row alignfull qubely-section qubely-block-653af8\"><div class=\"qubely-row-overlay\"><\/div><div class=\"qubely-container\"><div class=\"qubely-row\">\n<div class=\"wp-block-qubely-column qubely-column qubely-column-front qubely-block-e18598\"><div class=\"qubely-column-inner\">\n<div class=\"wp-block-qubely-text qubely-block-f53600\"><div class=\"qubely-block-text\"><div class=\"qubely-block-text-title-container  qubely-separator-position-top\"><div class=\"qubely-block-text-title-inner\"><h2 class=\"qubely-block-text-title\">Objetivos<\/h2><\/div><\/div><p>Socializar ideas y experiencias que sirvan de base para la conformaci\u00f3n de comisiones de construcci\u00f3n sostenible en los pa\u00edses miembros de la FIIC, con la implementaci\u00f3n de estrategias propias de sus realidades.<\/p><\/div><\/div>\n\n\n\n<div class=\"qubely-block-accordion  qubely-block-ebd149\" data-item-toggle=\"true\">\n<div class=\"wp-block-qubely-accordion-item qubely-block-c1154a\"><div class=\"qubely-accordion-item qubely-type-fill false\"><div class=\"qubely-accordion-panel qubely-icon-position-right\"><span class=\"qubely-accordion-panel-handler\" role=\"button\"><span class=\"qubely-accordion-panel-handler-label\">Presentaci\u00f3n de Marisol Cortez, CChC, \u00bfPor qu\u00e9 nos importa la Sostenibilidad en la CChC?<\/span><span class=\"qubely-accordion-icon fa fa-plus\"><\/span><\/span><\/div><div class=\"qubely-accordion-body\"><div itemprop=\"text\">\n<p><a href=\"https:\/\/drive.google.com\/file\/d\/1GM9w-oKQ0xyT4inXsLCSdQ77ZakxY24s\/view\" target=\"_blank\" rel=\"noopener\">Presentaci\u00f3n Sostenibilidad CChC.pdf &#8211; Google Drive<\/a> <\/p>\n<\/div><\/div><\/div><\/div>\n\n\n\n<div class=\"wp-block-qubely-accordion-item qubely-block-3d6bd4\"><div class=\"qubely-accordion-item qubely-type-fill false\"><div class=\"qubely-accordion-panel qubely-icon-position-right\"><span class=\"qubely-accordion-panel-handler\" role=\"button\"><span class=\"qubely-accordion-panel-handler-label\">World Green Building Trends 2021<\/span><span class=\"qubely-accordion-icon fa fa-plus\"><\/span><\/span><\/div><div class=\"qubely-accordion-body\"><div itemprop=\"text\">\n<p><a href=\"https:\/\/drive.google.com\/file\/d\/1FNw9po9XJnX2mpKlBWDkfOaxu1e5DlGt\/view\" target=\"_blank\" rel=\"noopener\">WorldGreen_2021_SMR_Final.pdf &#8211; Google Drive<\/a> <\/p>\n<\/div><\/div><\/div><\/div>\n\n\n\n<div class=\"wp-block-qubely-accordion-item qubely-block-565001\"><div class=\"qubely-accordion-item qubely-type-fill false\"><div class=\"qubely-accordion-panel qubely-icon-position-right\"><span class=\"qubely-accordion-panel-handler\" role=\"button\"><span class=\"qubely-accordion-panel-handler-label\">Minutas Universal de las Reuniones 2024. <\/span><span class=\"qubely-accordion-icon fa fa-plus\"><\/span><\/span><\/div><div class=\"qubely-accordion-body\"><div itemprop=\"text\">\n<p><a href=\"https:\/\/drive.google.com\/drive\/folders\/1z3vR77p4oVBlyPDtbTL5pRAlfu6KlMPL?usp=drive_link\" target=\"_blank\" rel=\"noopener\">Reuniones 2024 &#8211; Google Drive<\/a> <\/p>\n<\/div><\/div><\/div><\/div>\n<\/div>\n\n\n\n<div class=\"wp-block-qubely-heading qubely-block-ba1a43\"><div class=\"qubely-block-heading\"><div class=\"qubely-heading-container\"><h2 class=\"qubely-heading-selector\">Integrantes<\/h2><\/div><\/div><\/div>\n\n\n\n<figure class=\"wp-block-table is-style-regular\"><table><thead><tr><th><strong>Pa\u00eds<\/strong><\/th><th><strong>Cargo<\/strong><\/th><th><strong>Titular<\/strong><\/th><th><strong>Responsable operativo<\/strong><\/th><\/tr><\/thead><tbody><tr><td>Chile<\/td><td>Coordinador<\/td><td>Mar\u00edsol Cortez<\/td><td>Katherine Martinez<\/td><\/tr><tr><td>Brasil<\/td><td>Participante<\/td><td>Murillo Allevato<\/td><td><\/td><\/tr><tr><td>Costa Rica<\/td><td>Participante<\/td><td>Ing. Daniel Villafranca<\/td><td>Gabriela Vallejo<\/td><\/tr><tr><td>Argentina<\/td><td>Participante<\/td><td>Ing. Gustavo Weiss<\/td><td>Ing. Cecilia Cavedo<\/td><\/tr><tr><td>Colombia<\/td><td>Participante<\/td><td>Dr. Guillermo Herrera<\/td><td> Angie G\u00f3mez<\/td><\/tr><tr><td>Guatemala<\/td><td>Participante<\/td><td>Ing. Luis Castellanos<\/td><td>Lic. Jos\u00e9 Fernando Orellana<\/td><\/tr><tr><td>M\u00e9xico<\/td><td>Participante<\/td><td>Arq. Alfonso Carrillo<\/td><td>Dulce Mar\u00eda V\u00e1zquez<\/td><\/tr><tr><td>Per\u00fa<\/td><td>Participante<\/td><td>Ing. Guido Valdivia&nbsp;<\/td><td>Jorge Scotto&nbsp;<\/td><\/tr><tr><td>Bolivia<\/td><td>Participante<\/td><td>Ing. Rolando Surriable Vallejos<\/td><td>Jorge Eduardeo Iriarte Tineo<\/td><\/tr><tr><td>Panam\u00e1<\/td><td>Participante<\/td><td>Ing. Alejandro Ferrer Sol\u00eds <\/td><td>Ing. Alexis Fletcher (Panam\u00e1)<\/td><\/tr><tr><td>Paraguay<\/td><td>Participante<\/td><td>Ing. Guillermo Manuel Mas Duarte<\/td><td>Ing. Martt\u00edn Barrail (Paraguay)<br>Ing. Gabriela Mesquita<\/td><\/tr><tr><td>El Salvador<\/td><td>Participante<\/td><td>Ing. Jos\u00e9 Antonio Velasquez<\/td><td><\/td><\/tr><tr><td>Uruguay<\/td><td>Participante<\/td><td>Ing. Jorge Pazos<\/td><td>Ec. Florencia Ser\u00e9<br>Dr. Ignacio Castiglioni<\/td><\/tr><tr><td>Venezuela<\/td><td>Participante<\/td><td>Ing. Alan Isea Flores<\/td><td>Lic. Jeanette Villalta<\/td><\/tr><\/tbody><\/table><\/figure>\n<\/div><\/div>\n\n\n\n<div class=\"wp-block-qubely-column qubely-column qubely-column-front qubely-block-3c5a59\"><div class=\"qubely-column-inner\">\n<div class=\"wp-block-qubely-image qubely-block-6e4c10\"><div class=\"qubely-block-image  qubely-image-layout-simple\"><div class=\"qubely-image-media qubely-vertical-alignment-center qubely-horizontal-alignment-center\"><figure><div class=\"qubely-image-container\"><img decoding=\"async\" class=\"qubely-image-image\" src=\"https:\/\/fiic.lat\/wp-content\/uploads\/2022\/11\/Bandera-Chile-.jpg\" alt=\"\"\/><\/div><\/figure><\/div><\/div><\/div>\n\n\n\n<div class=\"wp-block-qubely-text qubely-block-ee4cdb\"><div class=\"qubely-block-text\"><div class=\"qubely-block-text-title-container  qubely-separator-position-top\"><div class=\"qubely-block-text-title-inner\"><h2 class=\"qubely-block-text-title\">Informaci\u00f3n de contacto<\/h2><\/div><\/div><p>La comisi\u00f3n es presidida por la C\u00e1mara Chilena de la Construcci\u00f3n.<\/p><\/div><\/div>\n\n\n\n<div class=\"wp-block-qubely-socialicons qubely-block-ac853d\"><div class=\"qubely-block-social-icons  qubely-layout-normal qubely-style-default\"><ul class=\"qubely-ul\"><li class=\"qubely-li qubely-social-item qubely-social-facebook\" arealabel=\"P\u00e1gina de facebook\"><a href=\"https:\/\/www.facebook.com\/pages\/Construcci%C3%B3n-Sostenible-FIIC\/132920193556020?fref=ts\" target=\"_blank\" rel=\"nofollow noopener noreferrer\"><i class=\"qubely-social-icon fab fa-facebook\"><\/i><span class=\"qubely-social-label\">P\u00e1gina de facebook<\/span><\/a><\/li><\/ul><\/div><\/div>\n<\/div><\/div>\n<\/div><\/div><\/div>","protected":false},"excerpt":{"rendered":"","protected":false},"author":1,"featured_media":2685,"parent":1268,"menu_order":0,"comment_status":"closed","ping_status":"closed","template":"","meta":{"qubely_global_settings":"","qubely_interactions":""},"blocksy_meta":{"styles_descriptor":{"styles":{"desktop":"[data-prefix=\"single_page\"] .entry-header .page-title {--fontSize:36px;--heading-color:var(--paletteColor8);} [data-prefix=\"single_page\"] .entry-header .entry-meta {--fontWeight:600;--textTransform:uppercase;--fontSize:12px;--lineHeight:1.3;} [data-prefix=\"single_page\"] .hero-section[data-type=\"type-2\"] {--alignment:left;--min-height:400px;background-color:var(--paletteColor6);background-image:none;--container-padding:50px 0;} [data-prefix=\"single_page\"] .hero-section[data-type=\"type-2\"] > figure .ct-image-container:after {background-color:rgba(26, 35, 54, 0.5);}","tablet":"","mobile":"[data-prefix=\"single_page\"] .entry-header .page-title {--fontSize:28px;} [data-prefix=\"single_page\"] .hero-section[data-type=\"type-2\"] {--min-height:250px;}"},"google_fonts":{"Mulish":["n4","n6"]},"version":5},"page_title_panel":"","has_hero_section":"enabled","ace5294114989d1e292c7b5a6d0937a2":"","hero_section":"type-2","hero_elements":[{"id":"custom_title","enabled":true,"heading_tag":"h1","title":"Inicio","__id":"FzStPpgZdW7NDM00U3OrQ"},{"id":"custom_description","enabled":false,"description_visibility":{"desktop":true,"tablet":true,"mobile":false},"__id":"O7Nq-L-RxIwple3u17JkK"},{"id":"custom_meta","enabled":false,"meta_elements":[{"id":"author","enabled":true,"label":"Por","has_author_avatar":"yes","avatar_size":25},{"id":"post_date","enabled":true,"label":"El","date_format_source":"default","date_format":"M j, Y"},{"id":"updated_date","enabled":false,"label":"El","date_format_source":"default","date_format":"M j, Y"},{"id":"categories","enabled":false,"label":"Dentro","style":"simple"},{"id":"comments","enabled":true}],"page_meta_elements":{"joined":true,"articles_count":true,"comments":true},"__id":"vkXySiVWtxAq1xgycCEjq"},{"id":"breadcrumbs","enabled":false,"__id":"WZIZ4vAkDfiEFwDitGs0e"}],"53bf5ede508439a0aa005d6da15d18ea":"","hero_alignment1":"CT_CSS_SKIP_RULE","hero_margin":40,"hero_alignment2":{"0":"c","1":"e","2":"n","3":"t","4":"e","5":"r","desktop":"left","tablet":"left","mobile":"left","__changed":[]},"hero_vertical_alignment":"center","531a7b9b4f3e18f8710f3ef4563ac31b":"","hero_structure":"normal","c53fd01c94b242a87dafb1ef78924dcf":"","page_title_bg_type":"featured_image","custom_hero_background":{"attachment_id":null},"page_title_image_size":"full","parallax":{"desktop":false,"tablet":false,"mobile":false},"cb780d12fb4841b38a8830fce1839d36":"","hero_height":{"0":"2","1":"5","2":"0","3":"p","4":"x","desktop":"400px","tablet":"400px","mobile":"250px","__changed":["mobile"]},"pageTitleFont":{"family":"Default","variation":"Default","size":{"desktop":"36px","tablet":"36px","mobile":"28px","__changed":["mobile"]},"line-height":"CT_CSS_SKIP_RULE","letter-spacing":"CT_CSS_SKIP_RULE","text-transform":"CT_CSS_SKIP_RULE","text-decoration":"CT_CSS_SKIP_RULE"},"pageTitleFontColor":{"default":{"color":"var(--paletteColor8)"}},"pageMetaFont":{"family":"Default","variation":"n6","size":"12px","line-height":"1.3","letter-spacing":"CT_CSS_SKIP_RULE","text-transform":"uppercase","text-decoration":"CT_CSS_SKIP_RULE"},"pageMetaFontColor":{"default":{"color":"CT_CSS_SKIP_RULEDEFAULT"},"hover":{"color":"CT_CSS_SKIP_RULEDEFAULT"}},"page_meta_button_type_font_colors":{"default":{"color":"CT_CSS_SKIP_RULEDEFAULT"},"hover":{"color":"CT_CSS_SKIP_RULEDEFAULT"}},"page_meta_button_type_background_colors":{"default":{"color":"CT_CSS_SKIP_RULEDEFAULT"},"hover":{"color":"CT_CSS_SKIP_RULEDEFAULT"}},"pageExcerptFont":{"family":"Default","variation":"Default","size":"CT_CSS_SKIP_RULE","line-height":"CT_CSS_SKIP_RULE","letter-spacing":"CT_CSS_SKIP_RULE","text-transform":"CT_CSS_SKIP_RULE","text-decoration":"CT_CSS_SKIP_RULE"},"pageExcerptColor":{"default":{"color":"CT_CSS_SKIP_RULEDEFAULT"}},"breadcrumbsFont":{"family":"Default","variation":"Default","size":"CT_CSS_SKIP_RULE","line-height":"CT_CSS_SKIP_RULE","letter-spacing":"CT_CSS_SKIP_RULE","text-transform":"CT_CSS_SKIP_RULE","text-decoration":"CT_CSS_SKIP_RULE"},"breadcrumbsFontColor":{"default":{"color":"CT_CSS_SKIP_RULEDEFAULT"},"initial":{"color":"CT_CSS_SKIP_RULEDEFAULT"},"hover":{"color":"CT_CSS_SKIP_RULEDEFAULT"}},"acf_field_hero_elements":"","typography":{"family":"Default","variation":"Default","size":"CT_CSS_SKIP_RULE","line-height":"CT_CSS_SKIP_RULE","letter-spacing":"CT_CSS_SKIP_RULE","text-transform":"CT_CSS_SKIP_RULE","text-decoration":"CT_CSS_SKIP_RULE"},"color":{"default":{"color":"CT_CSS_SKIP_RULEDEFAULT"},"hover":{"color":"CT_CSS_SKIP_RULEDEFAULT"}},"metabox_field_hero_elements":"","toolset_field_hero_elements":"","jetengine_field_hero_elements":"","custom_field_hero_elements":"","pageTitleOverlay":{"background_type":"color","background_pattern":"type-1","background_image":{"attachment_id":null,"x":0,"y":0},"gradient":"linear-gradient(135deg,rgba(6,147,227,1) 0%,rgb(155,81,224) 100%)","background_repeat":"repeat","background_size":"auto","background_attachment":"scroll","patternColor":{"default":{"color":"#e5e7ea"}},"overlayColor":{"default":{"color":"CT_CSS_SKIP_RULE"}},"backgroundColor":{"default":{"color":"rgba(26, 35, 54, 0.5)"}}},"pageTitleBackground":{"background_type":"color","background_pattern":"type-1","background_image":{"attachment_id":null,"x":0,"y":0},"gradient":"linear-gradient(135deg,rgba(6,147,227,1) 0%,rgb(155,81,224) 100%)","background_repeat":"repeat","background_size":"auto","background_attachment":"scroll","patternColor":{"default":{"color":"#e5e7ea"}},"overlayColor":{"default":{"color":"CT_CSS_SKIP_RULE"}},"backgroundColor":{"default":{"color":"var(--paletteColor6)"}}},"pageTitlePadding":{"top":"50px","bottom":"50px","left":"auto","right":"auto","linked":true},"609576bacc7082b89ca0ae84aab252f2":"","page_structure_type":"default","4512c1b60fc91a0a0ce05269dd671648":"","content_style_source":"inherit","content_style":"wide","vertical_spacing_source":"inherit","content_area_spacing":"both","background":{"background_type":"color","background_pattern":"type-1","background_image":{"attachment_id":null,"x":0,"y":0},"gradient":"linear-gradient(135deg,rgba(6,147,227,1) 0%,rgb(155,81,224) 100%)","background_repeat":"repeat","background_size":"auto","background_attachment":"scroll","patternColor":{"default":{"color":"#e5e7ea"}},"overlayColor":{"default":{"color":"CT_CSS_SKIP_RULE"}},"backgroundColor":{"default":{"color":"CT_CSS_SKIP_RULE"}}},"content_background":{"background_type":"color","background_pattern":"type-1","background_image":{"attachment_id":null,"x":0,"y":0},"gradient":"linear-gradient(135deg,rgba(6,147,227,1) 0%,rgb(155,81,224) 100%)","background_repeat":"repeat","background_size":"auto","background_attachment":"scroll","patternColor":{"default":{"color":"#e5e7ea"}},"overlayColor":{"default":{"color":"CT_CSS_SKIP_RULE"}},"backgroundColor":{"default":{"color":"var(--paletteColor8)"}}},"content_boxed_shadow":{"inherit":false,"blur":18,"spread":-6,"v_offset":12,"h_offset":0,"inset":false,"enable":true,"color":{"color":"rgba(34, 56, 101, 0.04)"}},"content_boxed_border":{"width":1,"style":"none","color":{"color":"rgba(44,62,80,0.2)"}},"content_boxed_radius":{"top":"3px","bottom":"3px","left":"3px","right":"3px","linked":true},"boxed_content_spacing":{"desktop":{"top":"40px","bottom":"40px","left":"40px","right":"40px","linked":true},"tablet":{"top":"35px","bottom":"35px","left":"35px","right":"35px","linked":true},"mobile":{"top":"20px","bottom":"20px","left":"20px","right":"20px","linked":true}},"0244ea6f1f05c13320b124cfe28fdcb9":"","disable_featured_image":"no","disable_share_box":"no","disable_header":"no","disable_footer":"no","239a8ed0ccb045f076cf6fd66b6fb4db":"","header_footer_scripts_panel":"","header_scripts":"","79c09e75dfbb84cabfbfe966cfc49796":"","header_after_body_scripts":"","3605260fd0d095f74a8e9d920358c382":"","footer_scripts":"","fb484558c27bc862f08f0ae09010b224":"","8073a84694dde8153b5bd3f66b0050ba":"","5f6bed2b0e9fbbf9ae6ddf06643f61a1":"","311dc8c50f407728f4d51e2bd0ef4634":"","b38b7c52b3097178009b71719725b784":"","4e72287cdef523cf0eddfdfdf85775a9":"","db4bb1f25860d90cb89aee52d00edf58":"","f0c3496b61d1476c374cd124319b813a":"","20ac02cc4b85210d5e28225530126b7c":"","e85afccb7999b99df423161aa733ac41":"","5450998a5ded2fddb4b4c5980c7a233b":""},"_links":{"self":[{"href":"https:\/\/fiic.lat\/en\/wp-json\/wp\/v2\/pages\/1272"}],"collection":[{"href":"https:\/\/fiic.lat\/en\/wp-json\/wp\/v2\/pages"}],"about":[{"href":"https:\/\/fiic.lat\/en\/wp-json\/wp\/v2\/types\/page"}],"author":[{"embeddable":true,"href":"https:\/\/fiic.lat\/en\/wp-json\/wp\/v2\/users\/1"}],"replies":[{"embeddable":true,"href":"https:\/\/fiic.lat\/en\/wp-json\/wp\/v2\/comments?post=1272"}],"version-history":[{"count":56,"href":"https:\/\/fiic.lat\/en\/wp-json\/wp\/v2\/pages\/1272\/revisions"}],"predecessor-version":[{"id":4259,"href":"https:\/\/fiic.lat\/en\/wp-json\/wp\/v2\/pages\/1272\/revisions\/4259"}],"up":[{"embeddable":true,"href":"https:\/\/fiic.lat\/en\/wp-json\/wp\/v2\/pages\/1268"}],"wp:featuredmedia":[{"embeddable":true,"href":"https:\/\/fiic.lat\/en\/wp-json\/wp\/v2\/media\/2685"}],"wp:attachment":[{"href":"https:\/\/fiic.lat\/en\/wp-json\/wp\/v2\/media?parent=1272"}],"curies":[{"name":"wp","href":"https:\/\/api.w.org\/{rel}","templated":true}]}}