{"id":1270,"date":"2022-11-13T14:27:22","date_gmt":"2022-11-13T13:27:22","guid":{"rendered":"https:\/\/fiic.lat\/?page_id=1270"},"modified":"2024-06-18T19:43:43","modified_gmt":"2024-06-18T17:43:43","slug":"comision-anticorrupcion","status":"publish","type":"page","link":"https:\/\/fiic.lat\/en\/comisiones\/comision-anticorrupcion\/","title":{"rendered":"Comisi\u00f3n Anticorrupci\u00f3n"},"content":{"rendered":"<div class=\"wp-block-qubely-row alignfull qubely-section qubely-block-8d0c03\"><div class=\"qubely-row-overlay\"><\/div><div class=\"qubely-container\"><div class=\"qubely-row\">\n<div class=\"wp-block-qubely-column qubely-column qubely-column-front qubely-block-a12943\"><div class=\"qubely-column-inner\">\n<div class=\"wp-block-qubely-heading qubely-block-d8c40b\"><div class=\"qubely-block-heading\"><div class=\"qubely-heading-container\"><h2 class=\"qubely-heading-selector\">Objetivos<br><\/h2><\/div><\/div><\/div>\n\n\n\n<p><strong>Primero<\/strong> : Promover una cultura de \u00e9tica y transparencia en el sector construcci\u00f3n.<\/p>\n\n\n\n<p><\/p>\n\n\n\n<p><strong>Segundo<\/strong> : Promover y fortalecer el desarrollo de los mecanismos necesarios para prevenir, detectar y sancionar la corrupci\u00f3n.<\/p>\n\n\n\n<p><\/p>\n\n\n\n<p><strong>Tercero<\/strong> : Facilitar la cooperaci\u00f3n entre las c\u00e1maras miembros de FIIC, a fin de compartir mejores pr\u00e1cticas y experiencias en estos temas : Acceso a la informaci\u00f3n.<\/p>\n\n\n\n<p><\/p>\n\n\n\n<p><strong>Cuarto<\/strong> : Eliminaci\u00f3n de la discrecionalidad y aplicaci\u00f3n correcta de los proceso de licitaci\u00f3n y respeto a la ley de contrataciones de obra p\u00fablica.<\/p>\n\n\n\n<div class=\"wp-block-qubely-heading qubely-block-867e2f\"><div class=\"qubely-block-heading\"><div class=\"qubely-heading-container\"><h2 class=\"qubely-heading-selector\">Integrantes<\/h2><\/div><\/div><\/div>\n\n\n\n<figure class=\"wp-block-table\"><table><thead><tr><th>Pa\u00eds<\/th><th>Cargo<\/th><th>Titular<\/th><th>Responsable operativo<\/th><\/tr><\/thead><tbody><tr><td>M\u00e9xico <\/td><td>Coordinador<\/td><td>Lic. Gustavo Arballo<\/td><td>Ing. Alberto \u00c1vila<\/td><\/tr><tr><td>M\u00e9xico<\/td><td>Colaborador Externo <\/td><td>Mrto. Roberto Hern\u00e1ndez<\/td><td><\/td><\/tr><tr><td>M\u00e9xico<\/td><td>Colaborador <\/td><td>Ing. Luis M\u00e9ndez Jaled<\/td><td>Arq. Alfonso Carrillo&nbsp;<\/td><\/tr><tr><td>M\u00e9xico<\/td><td>Colaborador <\/td><td>Ing. Nicol\u00e1s Mariscal<\/td><td><\/td><\/tr><tr><td>Costa Rica<\/td><td>Colaborador<\/td><td>Ing. Jaime Molina&nbsp;<\/td><td>Lic. Gina Torres<\/td><\/tr><tr><td>Per\u00fa<\/td><td>Colaborador<\/td><td>Arq. Enrique Espinosa<\/td><td>Ing. Guido Valdivia R.<\/td><\/tr><tr><td>Uruguay<\/td><td>Colaborador<\/td><td>Ing. Alejandro Ruibal<\/td><td>Ing. Jorge Pazos<\/td><\/tr><tr><td>Guatemala<\/td><td>Participante<\/td><td>Enrique Urruela<\/td><td>Lic. Jos\u00e9 Fernando Orellana<\/td><\/tr><tr><td>Chile<\/td><td>Participante<\/td><td><\/td><td><\/td><\/tr><tr><td>Paraguay<\/td><td>Participante<\/td><td>Abo. Diego Mart\u00ednez<\/td><td><\/td><\/tr><tr><td>Bolivia <\/td><td>Participante <\/td><td>Ing. Ra\u00fal Solares Rivero<\/td><td>Jos\u00e9 Pedro Ure\u00f1a Fern\u00e1ndez<\/td><\/tr><\/tbody><\/table><\/figure>\n\n\n\n<p><\/p>\n\n\n\n<p><\/p>\n\n\n\n<p><\/p>\n\n\n\n<p><\/p>\n<\/div><\/div>\n\n\n\n<div class=\"wp-block-qubely-column qubely-column qubely-column-front qubely-block-485643\"><div class=\"qubely-column-inner\">\n<div class=\"wp-block-qubely-image qubely-block-2befdd\"><div class=\"qubely-block-image  qubely-image-layout-simple\"><div class=\"qubely-image-media qubely-vertical-alignment-center qubely-horizontal-alignment-center\"><figure><div class=\"qubely-image-container\"><img decoding=\"async\" class=\"qubely-image-image\" src=\"https:\/\/fiic.lat\/wp-content\/uploads\/2022\/11\/42281.jpg\" alt=\"\"\/><\/div><\/figure><\/div><\/div><\/div>\n\n\n\n<div class=\"wp-block-qubely-text qubely-block-babe80\"><div class=\"qubely-block-text\"><div class=\"qubely-block-text-title-container  qubely-separator-position-top\"><div class=\"qubely-block-text-title-inner\"><h2 class=\"qubely-block-text-title\">Informaci\u00f3n de contacto<\/h2><\/div><\/div><p>La comisi\u00f3n es presidida por la C\u00e1mara Mexicana de la Industria de la Construcci\u00f3n. <\/p><\/div><\/div>\n<\/div><\/div>\n<\/div><\/div><\/div>","protected":false},"excerpt":{"rendered":"","protected":false},"author":1,"featured_media":2721,"parent":1268,"menu_order":0,"comment_status":"closed","ping_status":"closed","template":"","meta":{"qubely_global_settings":"","qubely_interactions":""},"blocksy_meta":{"styles_descriptor":{"styles":{"desktop":"[data-prefix=\"single_page\"] .entry-header .page-title {--fontSize:36px;--heading-color:var(--paletteColor8);} [data-prefix=\"single_page\"] .entry-header .entry-meta {--fontWeight:600;--textTransform:uppercase;--fontSize:12px;--lineHeight:1.3;} [data-prefix=\"single_page\"] .hero-section[data-type=\"type-2\"] {--alignment:left;--min-height:400px;background-color:var(--paletteColor6);background-image:none;--container-padding:50px 0;} [data-prefix=\"single_page\"] .hero-section[data-type=\"type-2\"] > figure .ct-image-container:after {background-color:rgba(26, 35, 54, 0.5);}","tablet":"","mobile":"[data-prefix=\"single_page\"] .entry-header .page-title {--fontSize:28px;} [data-prefix=\"single_page\"] .hero-section[data-type=\"type-2\"] {--min-height:250px;}"},"google_fonts":{"Mulish":["n4","n6"]},"version":5},"page_title_panel":"","has_hero_section":"enabled","f4d26394a4f32b00f540cff024ddd4e2":"","hero_section":"type-2","hero_elements":[{"id":"custom_title","enabled":true,"heading_tag":"h1","title":"Accueil","__id":"vqu32kiksj-t0Ph-BDQVi"},{"id":"custom_description","enabled":false,"description_visibility":{"desktop":true,"tablet":true,"mobile":false},"__id":"g-o8YQu7WuU-UILaVb4ZK"},{"id":"custom_meta","enabled":false,"meta_elements":[{"id":"author","enabled":true,"label":"Par","has_author_avatar":"yes","avatar_size":25},{"id":"post_date","enabled":true,"label":"Sur","date_format_source":"default","date_format":"M j, Y"},{"id":"updated_date","enabled":false,"label":"Sur","date_format_source":"default","date_format":"M j, Y"},{"id":"categories","enabled":false,"label":"Dans","style":"simple"},{"id":"comments","enabled":true}],"page_meta_elements":{"joined":true,"articles_count":true,"comments":true},"__id":"APb8whwT7sLKW-peQtNAa"},{"id":"breadcrumbs","enabled":false,"__id":"FaL5DcLI7MB-uZ8JGA183"}],"642f97d03788a7373e9cfab32fea4a93":"","hero_alignment1":"CT_CSS_SKIP_RULE","hero_margin":40,"hero_alignment2":{"desktop":"left","tablet":"left","mobile":"left","__changed":[]},"hero_vertical_alignment":"center","3955980f8b9b8c339b0401cecd5577b5":"","hero_structure":"normal","c3100b061086c8891fb403e2b24d9d38":"","page_title_bg_type":"featured_image","custom_hero_background":{"attachment_id":null},"page_title_image_size":"full","parallax":{"desktop":false,"tablet":false,"mobile":false},"f75d388f6ba86e6fa7f09e8cab5100c7":"","hero_height":{"desktop":"400px","tablet":"400px","mobile":"250px","__changed":["mobile"]},"pageTitleFont":{"family":"Default","variation":"Default","size":{"desktop":"36px","tablet":"36px","mobile":"28px","__changed":["mobile"]},"line-height":"CT_CSS_SKIP_RULE","letter-spacing":"CT_CSS_SKIP_RULE","text-transform":"CT_CSS_SKIP_RULE","text-decoration":"CT_CSS_SKIP_RULE"},"pageTitleFontColor":{"default":{"color":"var(--paletteColor8)"}},"pageMetaFont":{"family":"Default","variation":"n6","size":"12px","line-height":"1.3","letter-spacing":"CT_CSS_SKIP_RULE","text-transform":"uppercase","text-decoration":"CT_CSS_SKIP_RULE"},"pageMetaFontColor":{"default":{"color":"CT_CSS_SKIP_RULEDEFAULT"},"hover":{"color":"CT_CSS_SKIP_RULEDEFAULT"}},"page_meta_button_type_font_colors":{"default":{"color":"CT_CSS_SKIP_RULEDEFAULT"},"hover":{"color":"CT_CSS_SKIP_RULEDEFAULT"}},"page_meta_button_type_background_colors":{"default":{"color":"CT_CSS_SKIP_RULEDEFAULT"},"hover":{"color":"CT_CSS_SKIP_RULEDEFAULT"}},"pageExcerptFont":{"family":"Default","variation":"Default","size":"CT_CSS_SKIP_RULE","line-height":"CT_CSS_SKIP_RULE","letter-spacing":"CT_CSS_SKIP_RULE","text-transform":"CT_CSS_SKIP_RULE","text-decoration":"CT_CSS_SKIP_RULE"},"pageExcerptColor":{"default":{"color":"CT_CSS_SKIP_RULEDEFAULT"}},"breadcrumbsFont":{"family":"Default","variation":"Default","size":"CT_CSS_SKIP_RULE","line-height":"CT_CSS_SKIP_RULE","letter-spacing":"CT_CSS_SKIP_RULE","text-transform":"CT_CSS_SKIP_RULE","text-decoration":"CT_CSS_SKIP_RULE"},"breadcrumbsFontColor":{"default":{"color":"CT_CSS_SKIP_RULEDEFAULT"},"initial":{"color":"CT_CSS_SKIP_RULEDEFAULT"},"hover":{"color":"CT_CSS_SKIP_RULEDEFAULT"}},"acf_field_hero_elements":"","typography":{"family":"Default","variation":"Default","size":"CT_CSS_SKIP_RULE","line-height":"CT_CSS_SKIP_RULE","letter-spacing":"CT_CSS_SKIP_RULE","text-transform":"CT_CSS_SKIP_RULE","text-decoration":"CT_CSS_SKIP_RULE"},"color":{"default":{"color":"CT_CSS_SKIP_RULEDEFAULT"},"hover":{"color":"CT_CSS_SKIP_RULEDEFAULT"}},"metabox_field_hero_elements":"","toolset_field_hero_elements":"","jetengine_field_hero_elements":"","custom_field_hero_elements":"","pageTitleOverlay":{"background_type":"color","background_pattern":"type-1","background_image":{"attachment_id":null,"x":0,"y":0},"gradient":"linear-gradient(135deg,rgba(6,147,227,1) 0%,rgb(155,81,224) 100%)","background_repeat":"repeat","background_size":"auto","background_attachment":"scroll","patternColor":{"default":{"color":"#e5e7ea"}},"overlayColor":{"default":{"color":"CT_CSS_SKIP_RULE"}},"backgroundColor":{"default":{"color":"rgba(26, 35, 54, 0.5)"}}},"pageTitleBackground":{"background_type":"color","background_pattern":"type-1","background_image":{"attachment_id":null,"x":0,"y":0},"gradient":"linear-gradient(135deg,rgba(6,147,227,1) 0%,rgb(155,81,224) 100%)","background_repeat":"repeat","background_size":"auto","background_attachment":"scroll","patternColor":{"default":{"color":"#e5e7ea"}},"overlayColor":{"default":{"color":"CT_CSS_SKIP_RULE"}},"backgroundColor":{"default":{"color":"var(--paletteColor6)"}}},"pageTitlePadding":{"top":"50px","bottom":"50px","left":"auto","right":"auto","linked":true},"d57325feb5c4e38d06947c6f4b825c2d":"","page_structure_type":"default","823b49e3167889796f9d8a4914dc8ff4":"","content_style_source":"inherit","content_style":"wide","vertical_spacing_source":"inherit","content_area_spacing":"both","background":{"background_type":"color","background_pattern":"type-1","background_image":{"attachment_id":null,"x":0,"y":0},"gradient":"linear-gradient(135deg,rgba(6,147,227,1) 0%,rgb(155,81,224) 100%)","background_repeat":"repeat","background_size":"auto","background_attachment":"scroll","patternColor":{"default":{"color":"#e5e7ea"}},"overlayColor":{"default":{"color":"CT_CSS_SKIP_RULE"}},"backgroundColor":{"default":{"color":"CT_CSS_SKIP_RULE"}}},"content_background":{"background_type":"color","background_pattern":"type-1","background_image":{"attachment_id":null,"x":0,"y":0},"gradient":"linear-gradient(135deg,rgba(6,147,227,1) 0%,rgb(155,81,224) 100%)","background_repeat":"repeat","background_size":"auto","background_attachment":"scroll","patternColor":{"default":{"color":"#e5e7ea"}},"overlayColor":{"default":{"color":"CT_CSS_SKIP_RULE"}},"backgroundColor":{"default":{"color":"var(--paletteColor8)"}}},"content_boxed_shadow":{"inherit":false,"blur":18,"spread":-6,"v_offset":12,"h_offset":0,"inset":false,"enable":true,"color":{"color":"rgba(34, 56, 101, 0.04)"}},"content_boxed_border":{"width":1,"style":"none","color":{"color":"rgba(44,62,80,0.2)"}},"content_boxed_radius":{"top":"3px","bottom":"3px","left":"3px","right":"3px","linked":true},"boxed_content_spacing":{"desktop":{"top":"40px","bottom":"40px","left":"40px","right":"40px","linked":true},"tablet":{"top":"35px","bottom":"35px","left":"35px","right":"35px","linked":true},"mobile":{"top":"20px","bottom":"20px","left":"20px","right":"20px","linked":true}},"085a54fe2b8b91cc2c3de80b14564536":"","disable_featured_image":"no","disable_share_box":"no","disable_header":"no","disable_footer":"no","e6be2672dd96b64444d187052a5318e2":"","header_footer_scripts_panel":"","header_scripts":"","e0609dfd7c769934e07fb8bdb0148f98":"","header_after_body_scripts":"","9f6d988149a167e43d3851b4b890ce96":"","footer_scripts":"","4796d2f816173ab10ae48167fb086588":"","9b66f745fde5f534c9c61dc1e12e82cb":"","b47522d80dcd9735c22e6482ea90b333":"","d2772966bf89366af14c9ffb9900cb21":"","af8f6dd32d5cd6bb256c6866dd28833c":"","4013f7f5536d9ea242086d91d2a7b118":"","de7502c8626e2ff109053b8c5f11f6dc":"","0397dafcff82c448073808b66fa55d5f":"","02140ac13ca5f37aa10e76e8ade715e3":"","ba1c29e3fed6cbe9ba890800decc4a0e":"","147271ae44bb3fe4f5283317c7cfe59b":""},"_links":{"self":[{"href":"https:\/\/fiic.lat\/en\/wp-json\/wp\/v2\/pages\/1270"}],"collection":[{"href":"https:\/\/fiic.lat\/en\/wp-json\/wp\/v2\/pages"}],"about":[{"href":"https:\/\/fiic.lat\/en\/wp-json\/wp\/v2\/types\/page"}],"author":[{"embeddable":true,"href":"https:\/\/fiic.lat\/en\/wp-json\/wp\/v2\/users\/1"}],"replies":[{"embeddable":true,"href":"https:\/\/fiic.lat\/en\/wp-json\/wp\/v2\/comments?post=1270"}],"version-history":[{"count":58,"href":"https:\/\/fiic.lat\/en\/wp-json\/wp\/v2\/pages\/1270\/revisions"}],"predecessor-version":[{"id":4114,"href":"https:\/\/fiic.lat\/en\/wp-json\/wp\/v2\/pages\/1270\/revisions\/4114"}],"up":[{"embeddable":true,"href":"https:\/\/fiic.lat\/en\/wp-json\/wp\/v2\/pages\/1268"}],"wp:featuredmedia":[{"embeddable":true,"href":"https:\/\/fiic.lat\/en\/wp-json\/wp\/v2\/media\/2721"}],"wp:attachment":[{"href":"https:\/\/fiic.lat\/en\/wp-json\/wp\/v2\/media?parent=1270"}],"curies":[{"name":"wp","href":"https:\/\/api.w.org\/{rel}","templated":true}]}}